{"id":1978,"date":"2024-10-02T08:43:50","date_gmt":"2024-10-02T08:43:50","guid":{"rendered":"https:\/\/www.skylotec-oem.com\/?page_id=1978"},"modified":"2025-02-04T12:35:51","modified_gmt":"2025-02-04T12:35:51","slug":"cookie-richtlinie","status":"publish","type":"page","link":"https:\/\/www.skylotec-oem.com\/de\/cookie-richtlinie\/","title":{"rendered":"Cookie-Richtlinie"},"content":{"rendered":"\n<div class=\"wp-block-stackable-columns alignfull stk-block-columns stk-block stk-6b0a1b3 stk-block-background\" data-block-id=\"6b0a1b3\"><style>.stk-6b0a1b3 {background-color:#282827 !important;background-repeat:no-repeat !important;background-size:cover !important;box-shadow:none !important;min-height:50vh !important;padding-top:250px !important;padding-bottom:150px !important;margin-bottom:0px !important;}.stk-6b0a1b3:before{background-color:#282827 !important;}@media screen and (max-width: 1023px){.stk-6b0a1b3 {padding-top:200px !important;padding-bottom:250px !important;}}@media screen and (max-width: 767px){.stk-6b0a1b3 {padding-top:150px !important;padding-bottom:200px !important;}}<\/style><div class=\"stk-row stk-inner-blocks has-text-align-center stk-block-content stk-content-align stk-6b0a1b3-column\">\n<div class=\"wp-block-stackable-column stk-block-column stk-column stk-block stk-31728eb\" data-v=\"4\" data-block-id=\"31728eb\"><div class=\"stk-column-wrapper stk-block-column__content stk-container stk-31728eb-container stk--no-background stk--no-padding\"><div class=\"stk-block-content stk-inner-blocks stk-31728eb-inner-blocks\">\n<div class=\"wp-block-stackable-heading stk-block-heading stk-block-heading--v2 stk-block stk-0846fda\" id=\"pr\" data-block-id=\"0846fda\"><style>.stk-0846fda {margin-bottom:16px !important;}.stk-0846fda .stk-block-heading__text{font-size:60px !important;color:var(--theme-palette-color-8, #ffffff) !important;line-height:1.25em !important;font-weight:bold !important;font-style:normal !important;font-family:\"ct_font_square_721__cn_b_t__cyrillic\", Sans-serif !important;}@media screen and (max-width: 1023px){.stk-0846fda .stk-block-heading__text{font-size:50px !important;}}<\/style><h2 class=\"stk-block-heading__text has-text-color has-palette-color-8-color\"><strong>COOKIE-RICHTLINIE<\/strong><\/h2><\/div>\n\n\n\n<div class=\"wp-block-stackable-text stk-block-text stk-block stk-bd90787\" data-block-id=\"bd90787\"><style>.stk-bd90787 {max-width:1000px !important;min-width:auto !important;margin-right:auto !important;margin-bottom:60px !important;margin-left:auto !important;}.stk-bd90787 .stk-block-text__text{font-size:20px !important;color:var(--theme-palette-color-8, #ffffff) !important;font-weight:normal !important;font-family:\"ct_font_square_721__cn_b_t__cyrillic\", Sans-serif !important;}@media screen and (max-width: 1023px){.stk-bd90787 .stk-block-text__text{font-size:20px !important;}}<\/style><p class=\"stk-block-text__text has-text-color has-palette-color-8-color\">Hier finden Sie alle Informationen zu unserer Cookie-Politik<\/p><\/div>\n<\/div><\/div><\/div>\n<\/div><\/div>\n\n\n\n<div class=\"wp-block-stackable-spacer stk-block-spacer stk--no-padding stk-block stk-211e357\" data-block-id=\"211e357\"><style>.stk-211e357 {height:50px !important;}<\/style><\/div>\n\n\n\n<h2 class=\"wp-block-heading\">Was ist ein Cookie?<\/h2>\n\n\n\n<p>Browser-Cookie:<\/p>\n\n\n\n<p style=\"font-size:clamp(14px, 0.875rem + ((1vw - 3.2px) * 0.313), 18px);\"><span style=\"color: var(--theme-palette-color-3, #575756);\" class=\"stk-highlight\">Cookies sind Informationen, die eine Website auf Ihrem Navigationsger\u00e4t ablegt, wenn Sie eine Seite besuchen. Sie k\u00f6nnen die \u00dcbertragung von Informationen zwischen der Website und Ihrem Ger\u00e4t sowie zwischen der Website und anderen Websites, die von uns oder privat betrieben werden, beinhalten, wie in den jeweiligen Datenschutzbestimmungen festgelegt. Wir k\u00f6nnen Cookies verwenden, um die von uns \u00fcber Sie gesammelten Informationen zu erfassen. Sie k\u00f6nnen w\u00e4hlen, ob Sie benachrichtigt werden m\u00f6chten, wenn ein Cookie gesendet wird, oder ob Sie alle Cookies deaktivieren m\u00f6chten, indem Sie Ihre Browsereinstellungen \u00e4ndern. Die Deaktivierung von Cookies kann jedoch zur Folge haben, dass einige unserer Dienste nicht ordnungsgem\u00e4\u00df funktionieren und Sie nicht auf viele Funktionen zugreifen k\u00f6nnen, die Ihr Surferlebnis auf der Website optimieren sollen. Weitere Informationen zur Verwaltung oder Deaktivierung von Browser-Cookies finden Sie im letzten Abschnitt dieser Richtlinie \u00fcber Cookies.<\/span><\/p>\n\n\n\n<p style=\"font-size:clamp(14px, 0.875rem + ((1vw - 3.2px) * 0.313), 18px);\"><span style=\"color: var(--theme-palette-color-3, #575756);\" class=\"stk-highlight\">Wir verwenden verschiedene Arten von Cookies mit unterschiedlichen Funktionen f\u00fcr die Website <strong>www.skylotec-oem.com<\/strong> und alle <strong>Unterdom\u00e4nen<\/strong>:<\/span><\/p>\n\n\n\n<p style=\"font-size:clamp(14px, 0.875rem + ((1vw - 3.2px) * 0.313), 18px);\"><span style=\"color: var(--theme-palette-color-4, #282827);\" class=\"stk-highlight\"><strong>Technische Cookies<\/strong><\/span><br><span style=\"color: var(--theme-palette-color-3, #575756);\" class=\"stk-highlight\">Diese Cookies sind unerl\u00e4sslich, um im Web zu surfen und bestimmte Funktionen nutzen zu k\u00f6nnen. Ohne Cookies sind bestimmte Dienste unserer Website m\u00f6glicherweise nicht funktionsf\u00e4hig. Es ist nicht notwendig, die Zustimmung f\u00fcr Cookies sind unbedingt erforderlich, da sie wesentlich sind, um die Dienste zu gew\u00e4hrleisten erforderlich.<\/span><\/p>\n\n\n\n<p style=\"font-size:clamp(14px, 0.875rem + ((1vw - 3.2px) * 0.313), 18px);\"><strong><span style=\"color: var(--theme-palette-color-4, #282827);\" class=\"stk-highlight\">Leistung Cookie<\/span><\/strong><br><span style=\"color: var(--theme-palette-color-3, #575756);\" class=\"stk-highlight\">Es ist m\u00f6glich, dass von unserer Seite (oder von Dienstleistern, die in unserem Auftrag handeln) Cookies zur Leistungserbringung in Ihrem Navigationsger\u00e4t gesetzt werden. Die durch Cookies gesammelten Informationen werden ausschlie\u00dflich f\u00fcr die Leistungserbringung durch uns oder in unserem Namen verwendet. Cookies f\u00fcr die Leistung sammeln anonyme Informationen \u00fcber die Art und Weise, in der Benutzer die Website und ihre verschiedenen Funktionen verwenden. Zum Beispiel, unsere Cookies zu sammeln Performance-Informationen \u00fcber die Webseiten, die Sie am h\u00e4ufigsten besuchen und unsere Werbung, die auf anderen Websites, mit denen zu interagieren, sowie die \u00dcberpr\u00fcfung, ob Sie \u00f6ffnen und lesen Mitteilungen, die Sie senden und erhalten, wenn Fehlermeldungen. Die gesammelten Informationen k\u00f6nnen verwendet werden, um Ihr Online-Erlebnis mit spezifischen Inhalten zu personalisieren. Cookies f\u00fcr Leistungen dienen auch dazu, die Anzahl der Aufrufe derselben Werbung zu begrenzen. Unsere Cookies sammeln keine Informationen f\u00fcr die Leistung einer pers\u00f6nlichen Natur. Ein Link zu unserer Cookie-Richtlinie ist am Ende jeder Seite dieser Website zu finden. Indem Sie diese Website und ihre Funktionen weiterhin nutzen, erlauben Sie uns (und Werbetreibenden au\u00dferhalb dieser Website), Leistungs-Cookies auf Ihrem Navigationsger\u00e4t zu platzieren. Zum L\u00f6schen oder Verwalten von Leistungs-Cookies siehe den letzten Abschnitt dieser Richtlinie \u00fcber Cookies.<\/span><\/p>\n\n\n\n<p style=\"font-size:clamp(14px, 0.875rem + ((1vw - 3.2px) * 0.313), 18px);\"><span style=\"color: #050505;\" class=\"stk-highlight\"><strong>Funktionalit\u00e4t Cookie<\/strong><br><\/span><span style=\"color: var(--theme-palette-color-3, #575756);\" class=\"stk-highlight\">Es ist m\u00f6glich, dass von unserer Seite (oder von Dienstleistern, die in unserem Auftrag handeln) Cookies gesetzt werden, um in Ihrem Navigationsger\u00e4t zu funktionieren. Wir teilen keine Informationen, die durch Cookies gesammelt werden, um mit unseren Werbekunden oder Dritten zu funktionieren. Diese Cookies werden verwendet, um die von Ihnen getroffenen Auswahlen zu speichern (Sprachpr\u00e4ferenz, Land oder andere Online-Einstellungen) und um von Ihnen gew\u00e4hlte angepasste oder optimierte Funktionen bereitzustellen. Cookies f\u00fcr Funktionen k\u00f6nnen verwendet werden, um Online-Dienste anzubieten oder um zu verhindern, dass Ihnen Dienste angeboten werden, die Sie in der Vergangenheit abgelehnt haben. In einigen F\u00e4llen k\u00f6nnen wir Werbetreibenden oder Dritten erlauben, Inhalte und andere Erfahrungen online \u00fcber diese Website bereitzustellen. In diesem Fall kann der betreffende Dritte seine eigenen Cookies auf Ihrem Ger\u00e4t platzieren und sie in \u00e4hnlicher Weise wie wir verwenden, um benutzerdefinierte Funktionen bereitzustellen und Ihr Benutzererlebnis zu optimieren. Wenn Sie Optionen und benutzerdefinierte Einstellungen oder erweiterte Funktionen ausw\u00e4hlen, stimmen Sie der Verwendung von Cookie-Funktionen durch uns (und andere) zu, die f\u00fcr die Bereitstellung dieser Erfahrungen erforderlich sind. Das L\u00f6schen von Cookies f\u00fcr Funktionen, Pr\u00e4ferenzen oder Einstellungen wird nicht f\u00fcr zuk\u00fcnftige Besuche gespeichert.<\/span><\/p>\n\n\n\n<h2 class=\"wp-block-heading\"><span style=\"color: var(--theme-palette-color-3, #575756);\" class=\"stk-highlight\">Gezielte Werbung von dritten Partien<\/span><\/h2>\n\n\n\n<p class=\"has-palette-color-3-color has-text-color has-link-color wp-elements-329cfef37531fa85e230ba3900bd80c7\" style=\"font-size:clamp(14px, 0.875rem + ((1vw - 3.2px) * 0.313), 18px);\">Cookies f\u00fcr gezielte Werbung, die von Dritten betrieben werden, k\u00f6nnen auf dem Ger\u00e4t des Nutzers gespeichert werden, um Drittanbietern, Werbenetzwerken, Datenaustauschdiensten und Marketing-Analysen und anderen Dienstleistern zur Verf\u00fcgung zu stehen. Die Cookies f\u00fcr gezielte Werbung, die von Dritten verwaltet werden, sammeln Informationen \u00fcber das Surfen des Nutzers auf verschiedenen Websites und Online-Diensten, um relevante Werbung auf Websites und Online-Diensten und unserer dritten Partei anzuzeigen. Werbenetzwerke k\u00f6nnen diese Informationen mit Werbetreibenden teilen, die ihr Netzwerk nutzen. Die Informationen, die mit Hilfe dieser Cookies f\u00fcr gezielte Werbung von Dritten gesammelt werden, identifizieren den Nutzer nicht pers\u00f6nlich.<\/p>\n\n\n\n<p class=\"has-palette-color-3-color has-text-color has-link-color wp-elements-e42257ffbfb38f1c7f03e60a275c2858\" style=\"font-size:clamp(14px, 0.875rem + ((1vw - 3.2px) * 0.313), 18px);\">Um Ihre Einstellungen in Bezug auf die Google-Anzeigen zu \u00e4ndern, empfehlen wir Ihnen, die folgende Seite aufzurufen: <span style=\"color: var(--theme-palette-color-1, #ee7203);\" class=\"stk-highlight\"><a href=\"https:\/\/adssettings.google.com\/anonymous?hl=de\" title=\"\">Einrichten von Google-Anzeigen<\/a>.<\/span><\/p>\n\n\n\n<p class=\"has-palette-color-3-color has-text-color has-link-color wp-elements-609decc621c704e60d7fc96ef2c05781\" style=\"font-size:clamp(14px, 0.875rem + ((1vw - 3.2px) * 0.313), 18px);\"><strong>F\u00fcr weitere Infos und die Verzichts-M\u00f6glichkeit diese Internetseite besuchen:&nbsp;<a href=\"http:\/\/www.youronlinechoices.eu\/\" target=\"_blank\" rel=\"noreferrer noopener\">www.youronlinechoices.eu<\/a><\/strong><\/p>\n\n\n\n<p class=\"has-palette-color-3-color has-text-color has-link-color wp-elements-9e70165ebda7051bd4545fcba659992f\" style=\"font-size:clamp(14px, 0.875rem + ((1vw - 3.2px) * 0.313), 18px);\">Hier nun eine Liste (nicht ausf\u00fchrlich) zu einigen Partner-Betrieben, die w\u00e4hrend deiner Navigation auf unserer Seite climbingtechnology.com und deren Subdomains Cookies verwenden k\u00f6nnten:<\/p>\n\n\n\n<ul class=\"wp-block-list\">\n<li style=\"font-size:clamp(14px, 0.875rem + ((1vw - 3.2px) * 0.313), 18px);\"><span style=\"color: var(--theme-palette-color-3, #575756);\" class=\"stk-highlight\">Google Analytics:<\/span>&nbsp;<a href=\"https:\/\/marketingplatform.google.com\/about\/?hl=de\" target=\"_blank\" rel=\"noopener\" title=\"\">details h<\/a><span style=\"color: var(--theme-palette-color-1, #ee7203);\" class=\"stk-highlight\">ier<\/span><\/li>\n\n\n\n<li style=\"font-size:clamp(14px, 0.875rem + ((1vw - 3.2px) * 0.313), 18px);\"><span style=\"color: var(--theme-palette-color-3, #575756);\" class=\"stk-highlight\">Google+:<\/span>&nbsp;<a href=\"https:\/\/policies.google.com\/technologies\/cookies?hl=de#types-of-cookies\" title=\"\">details <span style=\"color: var(--theme-palette-color-1, #ee7203);\" class=\"stk-highlight\">hier<\/span><\/a><\/li>\n\n\n\n<li style=\"font-size:clamp(14px, 0.875rem + ((1vw - 3.2px) * 0.313), 18px);\"><span style=\"color: var(--theme-palette-color-3, #575756);\" class=\"stk-highlight\">Facebook:<\/span>&nbsp;<a href=\"https:\/\/de-de.facebook.com\/privacy\/policies\/cookies\/?entry_point=cookie_policy_redirect&amp;entry=0\" title=\"\">details hier<\/a><\/li>\n\n\n\n<li style=\"font-size:clamp(14px, 0.875rem + ((1vw - 3.2px) * 0.313), 18px);\"><span style=\"color: var(--theme-palette-color-3, #575756);\" class=\"stk-highlight\">Twitter:<\/span>&nbsp;<a href=\"https:\/\/support.twitter.com\/articles\/20170519-uso-dei-cookie-e-di-altre-tecnologie-simili-da-parte-di-twitter\" target=\"_blank\" rel=\"noreferrer noopener\">details hier<\/a><\/li>\n\n\n\n<li style=\"font-size:clamp(14px, 0.875rem + ((1vw - 3.2px) * 0.313), 18px);\"><span style=\"color: var(--theme-palette-color-3, #575756);\" class=\"stk-highlight\">Linkedin:<\/span>&nbsp;<a href=\"http:\/\/it.linkedin.com\/legal\/cookie-policy\" target=\"_blank\" rel=\"noreferrer noopener\">details hier<\/a><\/li>\n\n\n\n<li style=\"font-size:clamp(14px, 0.875rem + ((1vw - 3.2px) * 0.313), 18px);\"><span style=\"color: var(--theme-palette-color-3, #575756);\" class=\"stk-highlight\">YouTube:<\/span>&nbsp;<a href=\"https:\/\/www.youtube.com\/static?template=privacy_guidelines&amp;gl=IT\" target=\"_blank\" rel=\"noreferrer noopener\">details hier<\/a><\/li>\n\n\n\n<li style=\"font-size:clamp(14px, 0.875rem + ((1vw - 3.2px) * 0.313), 18px);\"><span style=\"color: var(--theme-palette-color-3, #575756);\" class=\"stk-highlight\">AddThis:<\/span>&nbsp;<a href=\"http:\/\/www.addthis.com\/privacy\/privacy-policy#publisher-visitors\" target=\"_blank\" rel=\"noreferrer noopener\">details hier<\/a><\/li>\n\n\n\n<li style=\"font-size:clamp(14px, 0.875rem + ((1vw - 3.2px) * 0.313), 18px);\"><span style=\"color: var(--theme-palette-color-3, #575756);\" class=\"stk-highlight\">Remarketing Google AdWords :<\/span>&nbsp;<a href=\"https:\/\/support.google.com\/adwords\/answer\/2549063?hl=it\" target=\"_blank\" rel=\"noreferrer noopener\">details hier<\/a><\/li>\n<\/ul>\n\n\n\n<h2 class=\"wp-block-heading\"><span style=\"color: var(--theme-palette-color-3, #575756);\" class=\"stk-highlight\">Freischaltung\/Sperre von Cookies mittels deines Browsers<\/span><\/h2>\n\n\n\n<p class=\"has-palette-color-3-color has-text-color has-link-color wp-elements-3052c21d468ce4bdda30db4f5f1be593\" style=\"font-size:clamp(14px, 0.875rem + ((1vw - 3.2px) * 0.313), 18px);\">Es gibt verschiedene M\u00f6glichkeiten um Cookies und andere Mechanismen zur R\u00fcckverfolgbarkeit handzuhaben. Indem du die Einstellungen deines Browsers \u00e4nderst, kannst du Cookies annehmen oder ablehnen oder einen Hinweis bekommen, bevor die Cookies von den besichtigten Webseiten akzeptiert werden. Wir m\u00f6chten dich aber erinnern, dass bei einer Sperre aller Cookies einige unserer interaktiven Funktionen nicht mehr in Anspruch genommen werden k\u00f6nnen.<\/p>\n\n\n\n<p style=\"font-size:clamp(14px, 0.875rem + ((1vw - 3.2px) * 0.313), 18px);\"><span style=\"color: var(--theme-palette-color-3, #575756);\" class=\"stk-highlight\">Falls du mehrere PC von verschiedenen Arbeitspl\u00e4tzen aus verwendest, vergewissere dich, dass der Browser jedes Mal nach deinen Vorlieben eingestellt ist.<\/span><\/p>\n\n\n\n<p class=\"has-palette-color-3-color has-text-color has-link-color wp-elements-d7d4ed354e4782dd33ed88e4e24703c2\" style=\"font-size:clamp(14px, 0.875rem + ((1vw - 3.2px) * 0.313), 18px);\">Du kannst alle installierten Cookies im Cookie-Ordner deines Browsers l\u00f6schen. Jeder Browser hat da seine eigenen Einstellungen. Klicke einfach auf einen der untenstehenden Links um genauere Anweisungen zu erhalten.<\/p>\n\n\n\n<p><a href=\"http:\/\/windows.microsoft.com\/it-it\/windows7\/block-enable-or-allow-cookies\" target=\"_blank\" rel=\"noreferrer noopener\"><strong>Microsoft Windows Explorer<\/strong><\/a><\/p>\n\n\n\n<p><a href=\"https:\/\/support.google.com\/chrome\/bin\/answer.py?hl=it&amp;answer=95647&amp;p=cpn_cookies\" target=\"_blank\" rel=\"noreferrer noopener\"><strong>Google Chrome&nbsp;<\/strong><\/a><\/p>\n\n\n\n<p><a href=\"https:\/\/support.mozilla.org\/en-US\/kb\/enable-and-disable-cookies-website-preferences\" target=\"_blank\" rel=\"noreferrer noopener\"><strong>Mozilla Firefox&nbsp;<\/strong><\/a><\/p>\n\n\n\n<p><a href=\"http:\/\/support.apple.com\/kb\/PH17191?viewlocale=it_IT&amp;locale=it_IT\" target=\"_blank\" rel=\"noreferrer noopener\"><strong>Apple Safari&nbsp;<\/strong><\/a><\/p>\n\n\n\n<p class=\"has-palette-color-3-color has-text-color has-link-color wp-elements-394d89b399a118d7ac03e0c9ca4aaf31\" style=\"font-size:clamp(14px, 0.875rem + ((1vw - 3.2px) * 0.313), 18px);\">Solltest du keinen der hier gelisteten Browser verwenden, einfach \u201eCookie\u201c im jeweiligen Abschnitt der Bedienungsanleitung, um herauszufinden, wo sich dein Cookie-Ordner befindet.<\/p>\n\n\n\n<p><\/p>\n","protected":false},"excerpt":{"rendered":"<p>COOKIE-RICHTLINIE Hier finden Sie alle Informationen zu unserer Cookie-Politik Was ist ein Cookie? Browser-Cookie: Cookies sind Informationen, die eine Website auf Ihrem Navigationsger\u00e4t ablegt, wenn Sie eine Seite besuchen. Sie k\u00f6nnen die \u00dcbertragung von Informationen zwischen der Website und Ihrem Ger\u00e4t sowie zwischen der Website und anderen Websites, die von uns oder privat betrieben werden, [&hellip;]<\/p>\n","protected":false},"author":4,"featured_media":0,"parent":0,"menu_order":0,"comment_status":"closed","ping_status":"closed","template":"","meta":{"footnotes":""},"class_list":["post-1978","page","type-page","status-publish","hentry"],"blocksy_meta":[],"aioseo_notices":[],"_links":{"self":[{"href":"https:\/\/www.skylotec-oem.com\/de\/wp-json\/wp\/v2\/pages\/1978"}],"collection":[{"href":"https:\/\/www.skylotec-oem.com\/de\/wp-json\/wp\/v2\/pages"}],"about":[{"href":"https:\/\/www.skylotec-oem.com\/de\/wp-json\/wp\/v2\/types\/page"}],"author":[{"embeddable":true,"href":"https:\/\/www.skylotec-oem.com\/de\/wp-json\/wp\/v2\/users\/4"}],"replies":[{"embeddable":true,"href":"https:\/\/www.skylotec-oem.com\/de\/wp-json\/wp\/v2\/comments?post=1978"}],"version-history":[{"count":0,"href":"https:\/\/www.skylotec-oem.com\/de\/wp-json\/wp\/v2\/pages\/1978\/revisions"}],"wp:attachment":[{"href":"https:\/\/www.skylotec-oem.com\/de\/wp-json\/wp\/v2\/media?parent=1978"}],"curies":[{"name":"wp","href":"https:\/\/api.w.org\/{rel}","templated":true}]}}