{"id":1981,"date":"2024-06-20T13:52:50","date_gmt":"2024-06-20T13:52:50","guid":{"rendered":"https:\/\/www.skylotec-oem.com\/?page_id=1981"},"modified":"2025-02-04T12:36:27","modified_gmt":"2025-02-04T12:36:27","slug":"datenschutzhinweis","status":"publish","type":"page","link":"https:\/\/www.skylotec-oem.com\/de\/datenschutzhinweis\/","title":{"rendered":"DATENSCHUTZHINWEIS"},"content":{"rendered":"\n<div class=\"wp-block-stackable-columns alignfull stk-block-columns stk-block stk-6b0a1b3 stk-block-background\" data-block-id=\"6b0a1b3\"><style>.stk-6b0a1b3 {background-color:#282827 !important;background-repeat:no-repeat !important;background-size:cover !important;box-shadow:none !important;min-height:50vh !important;padding-top:250px !important;padding-bottom:150px !important;margin-bottom:0px !important;}.stk-6b0a1b3:before{background-color:#282827 !important;}@media screen and (max-width: 1023px){.stk-6b0a1b3 {padding-top:200px !important;padding-bottom:250px !important;}}@media screen and (max-width: 767px){.stk-6b0a1b3 {padding-top:150px !important;padding-bottom:200px !important;}}<\/style><div class=\"stk-row stk-inner-blocks has-text-align-center stk-block-content stk-content-align stk-6b0a1b3-column\">\n<div class=\"wp-block-stackable-column stk-block-column stk-column stk-block stk-31728eb\" data-v=\"4\" data-block-id=\"31728eb\"><div class=\"stk-column-wrapper stk-block-column__content stk-container stk-31728eb-container stk--no-background stk--no-padding\"><div class=\"stk-block-content stk-inner-blocks stk-31728eb-inner-blocks\">\n<div class=\"wp-block-stackable-heading stk-block-heading stk-block-heading--v2 stk-block stk-0846fda\" id=\"pr\" data-block-id=\"0846fda\"><style>.stk-0846fda {margin-bottom:16px !important;}.stk-0846fda .stk-block-heading__text{font-size:60px !important;color:var(--theme-palette-color-8, #ffffff) !important;line-height:1.25em !important;font-weight:bold !important;font-style:normal !important;font-family:\"ct_font_square_721__cn_b_t__cyrillic\", Sans-serif !important;}@media screen and (max-width: 1023px){.stk-0846fda .stk-block-heading__text{font-size:50px !important;}}<\/style><h2 class=\"stk-block-heading__text has-text-color has-palette-color-8-color\"><strong>DATENSCHUTZHINWEIS<\/strong><\/h2><\/div>\n\n\n\n<div class=\"wp-block-stackable-text stk-block-text stk-block stk-bd90787\" data-block-id=\"bd90787\"><style>.stk-bd90787 {max-width:1000px !important;min-width:auto !important;margin-right:auto !important;margin-bottom:60px !important;margin-left:auto !important;}.stk-bd90787 .stk-block-text__text{font-size:20px !important;color:var(--theme-palette-color-8, #ffffff) !important;font-weight:normal !important;font-family:\"ct_font_square_721__cn_b_t__cyrillic\", Sans-serif !important;}@media screen and (max-width: 1023px){.stk-bd90787 .stk-block-text__text{font-size:20px !important;}}<\/style><p class=\"stk-block-text__text has-text-color has-palette-color-8-color\">Datenschutzhinweis gem\u00e4\u00df Gesetzesdekret 196\/2003 und Kunst. 13 der Europ\u00e4ischen Verordnung 679\/2016 (DSGVO)<\/p><\/div>\n<\/div><\/div><\/div>\n<\/div><\/div>\n\n\n\n<div class=\"wp-block-stackable-spacer stk-block-spacer stk--no-padding stk-block stk-4991ccd\" data-block-id=\"4991ccd\"><style>.stk-4991ccd {height:50px !important;}<\/style><\/div>\n\n\n\n<div class=\"wp-block-stackable-text stk-block-text stk-block stk-0b08291\" data-block-id=\"0b08291\"><style>.stk-0b08291 .stk-block-text__text{font-size:18px !important;color:var(--theme-palette-color-3, #575756) !important;}@media screen and (max-width: 1023px){.stk-0b08291 .stk-block-text__text{font-size:18px !important;}}<\/style><p class=\"stk-block-text__text has-text-color\">Aludesign S.p.A. (MwSt.-Code 01893550168), in Person des gesetzlichen Vertreters pro tempore, mit Sitz in Via Torchio 22 \u2013 24034 Cisano Bergamasco (Bergamo), als f\u00fcr die Verarbeitung Verantwortlicher, informiert Sie dar\u00fcber, dass dies in \u00dcbereinstimmung mit dem Gesetzesdekret 196\/2003 und der Verordnung geschieht 679\/2016 (DSGVO), die den Schutz personenbezogener Daten und deren freien Verkehr regelt und regelt, Ihre personenbezogenen Daten Die Verarbeitung erfolgt gem\u00e4\u00df den genannten Rechtsvorschriften auf der Grundlage der Grunds\u00e4tze der Korrektheit, der Rechtm\u00e4\u00dfigkeit, Transparenz sowie den Schutz Ihrer Privatsph\u00e4re und Ihrer Rechte f\u00fcr die Zwecke, mit den unten angegebenen Methoden und Bedingungen.<\/p><\/div>\n\n\n\n<h4 class=\"wp-block-heading\"><strong>1. Zweck, Methoden und Rechtsgrundlagen der Datenverarbeitung<\/strong><\/h4>\n\n\n\n<p class=\"has-palette-color-3-color has-text-color has-link-color wp-elements-e190cbb75dfa2b15c723c2fff75950c4\" style=\"font-size:clamp(14px, 0.875rem + ((1vw - 3.2px) * 0.313), 18px);\">Diese Datenschutzerkl\u00e4rung gilt nur f\u00fcr die Online-Aktivit\u00e4ten dieser Website und gilt f\u00fcr Besucher \/ Nutzer der Website. Es gilt nicht f\u00fcr Informationen, die \u00fcber andere Kan\u00e4le als diese Website gesammelt werden. Der Zweck der Datenschutzerkl\u00e4rung ist es, maximale Transparenz in Bezug auf die Informationen, die die Website sammelt und wie sie verwendet wird.<\/p>\n\n\n\n<p class=\"has-palette-color-3-color has-text-color has-link-color wp-elements-be81f79b3ecd2ad7a54b87284e6d3197\" style=\"font-size:clamp(14px, 0.875rem + ((1vw - 3.2px) * 0.313), 18px);\">Ihre pers\u00f6nlichen Daten werden ausschlie\u00dflich f\u00fcr die Zwecke verarbeitet, die eng miteinander verbunden sind und f\u00fcr die Erf\u00fcllung der Anforderungen notwendig sind Verpflichtungen in Bezug auf die Beziehungen zu unserem Unternehmen; insbesondere:<\/p>\n\n\n\n<p class=\"has-palette-color-3-color has-text-color has-link-color wp-elements-1bb4aaac7f25e70a3228dd816ec1eb25\" style=\"font-size:clamp(14px, 0.875rem + ((1vw - 3.2px) * 0.313), 18px);\">Die Verarbeitung personenbezogener Daten erfolgt durch die in der Gesetzesverordnung 196\/2003 und Kunst. 4 n. 2) DSGVO und n\u00e4mlich: Sammlung, Registrierung, Organisation, Erhaltung, Beratung, Verarbeitung, \u00c4nderung, Auswahl, Extraktion, Vergleich, Nutzung, Verbindung, Blockierung, Kommunikation, L\u00f6schung und Zerst\u00f6rung.<\/p>\n\n\n\n<p style=\"font-size:clamp(14px, 0.875rem + ((1vw - 3.2px) * 0.313), 18px);\"><span style=\"color: var(--theme-palette-color-3, #575756);\" class=\"stk-highlight\">Die Verarbeitung personenbezogener Daten erfolgt durch Computerunterst\u00fctzung durch den Eigent\u00fcmer, den Manager \/ Manager und die Subjekte autorisiert (anvertraut) mit der Einhaltung aller Vorsichtsma\u00dfnahmen, die ihre Sicherheit und Vertraulichkeit gew\u00e4hrleistet.<\/span><\/p>\n\n\n\n<p class=\"has-palette-color-3-color has-text-color has-link-color wp-elements-c16f320e47ae422746d0ef7d696cd5f8\" style=\"font-size:clamp(14px, 0.875rem + ((1vw - 3.2px) * 0.313), 18px);\">Die Daten werden nicht Gegenstand von Profiling oder Gegenstand automatisierter Entscheidungsprozesse sein.<br>Die Daten werden vom Dateneigner und den Datencontrollern gespeichert, die vom Datencontroller festgelegt werden. Auf jeden Fall seine Daten personenbezogene Daten werden innerhalb der Grenzen des europ\u00e4ischen Wirtschaftsraums gespeichert und verarbeitet und au\u00dferhalb dieser Grenzen \u00fcbertragen nur mit seiner ausdr\u00fccklichen Zustimmung.Im Falle der Verleihung von Kommentaren und \/ oder pers\u00f6nlichen Daten f\u00fcr die Anforderung von Informationen und \/ oder spezifischen Dienstleistungen, die vom Benutzer angefordert werden (\u00fcber Beispielhafte und nicht ersch\u00f6pfende Anfrage f\u00fcr kommerzielle Informationen, Registrierung auf unserem Portal, Abonnement f\u00fcr unseren Newsletter), diese Daten sind beabsichtigt<br>freiwillig vom Benutzer bei der Anforderung der Servicebereitstellung zur Verf\u00fcgung gestellt. Durch Eingabe eines Kommentars oder anderer Informationen akzeptiert der Benutzer<br>ausdr\u00fccklich diese Datenschutzerkl\u00e4rung, Diese Seite kann einige personenbezogene Daten verarbeiten, die auf den legitimen Interessen des f\u00fcr die Datenverarbeitung Verantwortlichen gem\u00e4\u00df gesetzesvertretendem Dekret 196\/2003 beruhen Art. 6 der Europ\u00e4ischen Verordnung 679\/206.<\/p>\n\n\n\n<p style=\"font-size:clamp(14px, 0.875rem + ((1vw - 3.2px) * 0.313), 18px);\"><span style=\"color: var(--theme-palette-color-3, #575756);\" class=\"stk-highlight\">Die erhaltenen Daten werden ausschlie\u00dflich f\u00fcr die Bereitstellung des angeforderten Dienstes und nur f\u00fcr die f\u00fcr die Bereitstellung des Dienstes ben\u00f6tigte Zeit verwendet.<br>Die Informationen, die die Nutzer der Website aufgrund der ihnen zur Verf\u00fcgung gestellten Dienste und Tools f\u00fcr \u00f6ffentlich halten, werden bereitgestellt bewusst und freiwillig durch den Nutzer, durch Ausschluss dieser Website von einer Haftung f\u00fcr einen Versto\u00df gegen das Gesetz. Es um zu best\u00e4tigen, dass Sie die Erlaubnis haben, pers\u00f6nliche Daten Dritter oder Inhalte, die durch nationale und internationale Vorschriften gesch\u00fctzt sind, einzugeben.<\/span><\/p>\n\n\n\n<p style=\"font-size:clamp(14px, 0.875rem + ((1vw - 3.2px) * 0.313), 18px);\"><span style=\"color: var(--theme-palette-color-3, #575756);\" class=\"stk-highlight\">Die von der Website w\u00e4hrend des Betriebs gesammelten Daten werden ausschlie\u00dflich f\u00fcr die oben genannten Zwecke verwendet und f\u00fcr die Zeit streng aufbewahrt notwendig, um die angegebenen Aktivit\u00e4ten durchzuf\u00fchren. In jedem Fall werden die von der Website gesammelten Daten niemals aus irgendeinem Grund an Dritte weitergegeben, es sei denn, dies ist der Fall.<\/span><\/p>\n\n\n\n<p class=\"has-palette-color-3-color has-text-color has-link-color wp-elements-109bf55095e889b8cb8a25873d75dabb\" style=\"font-size:clamp(14px, 0.875rem + ((1vw - 3.2px) * 0.313), 18px);\">legitimer Anfrage durch die Justizbeh\u00f6rde und nur in den gesetzlich vorgesehenen F\u00e4llen.<\/p>\n\n\n\n<h4 class=\"wp-block-heading\">2.<strong> Art der Datenerhebung und Folgen der Nichtbereitstellung von Daten<\/strong><\/h4>\n\n\n\n<p style=\"font-size:clamp(14px, 0.875rem + ((1vw - 3.2px) * 0.313), 18px);\"><span style=\"color: var(--theme-palette-color-3, #575756);\" class=\"stk-highlight\">Wie alle Websites verwendet diese Seite auch Protokolldateien, in denen Informationen automatisiert gesammelt werden Benutzer besucht. Die gesammelten Informationen k\u00f6nnten folgende sein:<\/span><\/p>\n\n\n\n<p style=\"font-size:clamp(14px, 0.875rem + ((1vw - 3.2px) * 0.313), 18px);\"><span style=\"color: var(--theme-palette-color-3, #575756);\" class=\"stk-highlight\">Internetprotokoll (IP) -Adresse;<\/span><\/p>\n\n\n\n<p style=\"font-size:clamp(14px, 0.875rem + ((1vw - 3.2px) * 0.313), 18px);\"><span style=\"color: var(--theme-palette-color-3, #575756);\" class=\"stk-highlight\">Browsertyp und Ger\u00e4teparameter, die f\u00fcr die Verbindung mit der Site verwendet werden<\/span><br><span style=\"color: var(--theme-palette-color-3, #575756);\" class=\"stk-highlight\">Name des Internet Service Providers (ISP);<\/span><br><span style=\"color: var(--theme-palette-color-3, #575756);\" class=\"stk-highlight\">Datum und Uhrzeit des Besuchs;<\/span><br><span style=\"color: var(--theme-palette-color-3, #575756);\" class=\"stk-highlight\">Webseite des Ursprungs des Besuchers (Empfehlung) und Ausgang;<\/span><br><span style=\"color: var(--theme-palette-color-3, #575756);\" class=\"stk-highlight\">m\u00f6glicherweise die Anzahl der Klicks.<\/span><\/p>\n\n\n\n<p style=\"font-size:clamp(14px, 0.875rem + ((1vw - 3.2px) * 0.313), 18px);\"><span style=\"color: var(--theme-palette-color-3, #575756);\" class=\"stk-highlight\">Die oben genannten Informationen werden in einer automatisierten Form verarbeitet und in einer ausschlie\u00dflich aggregierten Form gesammelt, um den korrekten Betrieb zu \u00fcberpr\u00fcfen<br>der Website, aus Sicherheitsgr\u00fcnden und f\u00fcr die legitimen Interessen des Eigent\u00fcmers nach den geltenden Rechtsvorschriften.<br>Aus Sicherheitsgr\u00fcnden (Spamfilter, Firewalls, Virenerkennung) k\u00f6nnen die automatisch erfassten Daten m\u00f6glicherweise auch personenbezogene Daten enthalten als die IP-Adresse, die verwendet werden k\u00f6nnte, in \u00dcbereinstimmung mit den geltenden Gesetzen zu diesem Thema, um Versuche zu verhindern, die Website zu besch\u00e4digen gleiche oder andere Benutzer sch\u00e4digen oder in jedem Fall sch\u00e4dliche Aktivit\u00e4ten oder eine Straftat darstellen. Solche Daten werden niemals zur Identifikation oder verwendet Benutzerprofilerstellung, jedoch nur zum Schutz der Website und ihrer Benutzer und der legitimen Interessen des Datenverantwortlichen.<\/span><\/p>\n\n\n\n<p style=\"font-size:clamp(14px, 0.875rem + ((1vw - 3.2px) * 0.313), 18px);\"><span style=\"color: var(--theme-palette-color-3, #575756);\" class=\"stk-highlight\">Mit der Nutzung oder der Konsultation dieser Website stimmen Besucher und Nutzer ausdr\u00fccklich dieser Datenschutzerkl\u00e4rung zu und erkl\u00e4ren sich mit der Verarbeitung ihrer personenbezogenen Daten in Bezug auf die nachfolgend beschriebenen Methoden und Zwecke, einschlie\u00dflich etwaiger Weitergabe an Dritte, einverstanden die Bereitstellung eines Dienstes. Die Bereitstellung von Daten und somit die Einwilligung in die Datenerhebung und -verarbeitung ist freiwillig, jedoch kann die Ablehnung der Einwilligung dazu f\u00fchren, dass bestimmte Dienste nicht bereitgestellt werden k\u00f6nnen und die Browsererfahrung auf der Website beeintr\u00e4chtigt werden kann.<br>Die Einwilligung in die Nutzung Ihrer Daten zu Marketing- und \/ oder Werbezwecken (Versenden von E-Mails und \/ oder Kommunikationen mit Werbeangeboten) ist fakultativ und erfordert neben der Bereitstellung Ihrer pers\u00f6nlichen Daten auch eine ausdr\u00fcckliche Anfrage von Opt-In-Funktion auf dieser Website.<\/span><\/p>\n\n\n\n<h4 class=\"wp-block-heading\">3. <strong>Zeitlinien und Begriffe<\/strong><\/h4>\n\n\n\n<p class=\"has-palette-color-3-color has-text-color has-link-color wp-elements-7cd706a15451fa0f4f67826d7a79a6fb\" style=\"font-size:clamp(14px, 0.875rem + ((1vw - 3.2px) * 0.313), 18px);\">Der Eigent\u00fcmer, der Verantwortliche und die zur Behandlung befugten Stellen werden die pers\u00f6nlichen Daten f\u00fcr die Zeit behandeln, die notwendig ist, um die oben genannten Zwecke zu erf\u00fcllen, und auf jeden Fall f\u00fcr nicht mehr als 10 Jahre nach der Beendigung der Beziehung, die von den geltenden Vorschriften vorgesehen und notwendig gemacht wurde.<\/p>\n\n\n\n<p class=\"has-palette-color-3-color has-text-color has-link-color wp-elements-5bd04098473246e339825d45907f33bc\" style=\"font-size:clamp(14px, 0.875rem + ((1vw - 3.2px) * 0.313), 18px);\">Im Hinblick auf die Bereitstellung von Daten von Ihnen, um kommerzielle Informationen, Newsletter und regelm\u00e4\u00dfige Informationen zu erhalten, werden die Daten behandelt werden, bis Ihre Anfrage zu stornieren.<\/p>\n\n\n\n<h4 class=\"wp-block-heading\">4. <strong>Kommunikation und Verbreitung von Daten<\/strong><\/h4>\n\n\n\n<p class=\"has-palette-color-3-color has-text-color has-link-color wp-elements-f4c92ee451dffe931138a524f3c3d96c\" style=\"font-size:clamp(14px, 0.875rem + ((1vw - 3.2px) * 0.313), 18px);\">Ihre personenbezogenen Daten d\u00fcrfen zum Zwecke der Vertragsabwicklung der von Ihnen gew\u00fcnschten Leistungen und zu den oben genannten Zwecken weitergegeben werden:<\/p>\n\n\n\n<p class=\"has-palette-color-3-color has-text-color has-link-color wp-elements-8034f73db6f98d25daaa83acdf66ba18\" style=\"font-size:clamp(14px, 0.875rem + ((1vw - 3.2px) * 0.313), 18px);\">An alle nat\u00fcrlichen und juristischen Personen (z. B. Rechtsberater, Verwaltungs- und Steuerberater, Wirtschaftspr\u00fcfer, Kuriere und Spediteure, Datenverarbeitungszentren, IT-Berater, Lieferanten), wenn die Mitteilung f\u00fcr die oben genannten Zwecke erforderlich ist;<\/p>\n\n\n\n<p style=\"font-size:clamp(14px, 0.875rem + ((1vw - 3.2px) * 0.313), 18px);\"><span style=\"color: var(--theme-palette-color-3, #575756);\" class=\"stk-highlight\">an Banken f\u00fcr die Verwaltung der Rechenschaftspflicht und des Zahlungsverkehrs;<\/span><br><span style=\"color: var(--theme-palette-color-3, #575756);\" class=\"stk-highlight\">zur Fabrikgesellschaft oder zur Eintreibung von Kreditschulden;<\/span><br><span style=\"color: var(--theme-palette-color-3, #575756);\" class=\"stk-highlight\">an unsere Mitarbeiter und Angestellten, die speziell f\u00fcr ihre Aufgaben eingesetzt werden;<\/span><br><span style=\"color: var(--theme-palette-color-3, #575756);\" class=\"stk-highlight\">an SMTP-Anbieter f\u00fcr den Versand von Newslettern.<\/span><\/p>\n\n\n\n<p class=\"has-palette-color-3-color has-text-color has-link-color wp-elements-d5757de0e198e78916b0cefcd7455cfa\" style=\"font-size:clamp(14px, 0.875rem + ((1vw - 3.2px) * 0.313), 18px);\">Die D.P.O., falls vom Eigent\u00fcmer auf obligatorischer und freiwilliger Basis angegeben, sowie der Name und die Nummer der verantwortlichen Personen k\u00f6nnen sich \u00e4ndern. Es wird daher empfohlen, unsere Internetseite zu konsultieren &#8211; wo Sie alle aktualisierten Informationen finden k\u00f6nnen &#8211; auf der Seite, die dem folgenden Link gewidmet ist: climbingtechnology.com oder indem Sie sich an die folgenden Kontaktadressen wenden: 035783595, info@aludesign.it.<\/p>\n\n\n\n<h4 class=\"wp-block-heading\">5. <strong>Rechte der interessierten Partei<\/strong><\/h4>\n\n\n\n<p class=\"has-palette-color-3-color has-text-color has-link-color wp-elements-94987e469583b4a6d7cd0a97f5242c70\" style=\"font-size:clamp(14px, 0.875rem + ((1vw - 3.2px) * 0.313), 18px);\">Wenn Sie die Nummer 035783595 anrufen oder an <span style=\"color: var(--theme-palette-color-1, #ee7203);\" class=\"stk-highlight\">info@aludesign.it<\/span> schreiben, k\u00f6nnen Sie in jedem Moment Ihre Rechte gegen\u00fcber dem Inhaber der Behandlung gem\u00e4\u00df der europ\u00e4ischen Verordnung 679\/2016 aus\u00fcben, die wir zu Ihrer Bequemlichkeit wiedergegeben haben.<\/p>\n\n\n\n<p class=\"has-palette-color-3-color has-text-color has-link-color wp-elements-c8e173807e9665b2a94c2e56438058d7\" style=\"font-size:clamp(14px, 0.875rem + ((1vw - 3.2px) * 0.313), 18px);\">Der Betroffene hat das Recht, eine Best\u00e4tigung \u00fcber das Vorhandensein und die Tatsache zu erhalten, dass die ihn betreffenden pers\u00f6nlichen Daten, auch wenn sie noch nicht registriert sind, verarbeitet werden, sowie deren Mitteilung in verst\u00e4ndlicher Form.<br>Der Betroffene hat das Recht, die Angabe zu erhalten:<br><br><span style=\"color: var(--theme-palette-color-3, #575756);\" class=\"stk-highlight\">\u00fcber die Herkunft der personenbezogenen Daten (insbesondere, wenn sie nicht bei der betroffenen Person erhoben wurden, und im Falle der \u00dcbermittlung von Daten in ein anderes Land,<\/span><br><span style=\"color: var(--theme-palette-color-3, #575756);\" class=\"stk-highlight\">\u00fcber das Vorhandensein angemessener Garantien gem\u00e4\u00df Artikel 46 der Verordnung);<\/span><br><span style=\"color: var(--theme-palette-color-3, #575756);\" class=\"stk-highlight\">der Endg\u00fcltigkeit und Modalit\u00e4t der Behandlung;<\/span><br><span style=\"color: var(--theme-palette-color-3, #575756);\" class=\"stk-highlight\">der Logik, die im Falle einer Behandlung mit elektronischen Instrumenten angewandt wird;<\/span><br><span style=\"color: var(--theme-palette-color-3, #575756);\" class=\"stk-highlight\">die Angaben zur Identifizierung des Eigent\u00fcmers, des Verantwortlichen und des Vertreters;<\/span><br><span style=\"color: var(--theme-palette-color-3, #575756);\" class=\"stk-highlight\">der Subjekte oder Kategorien von Subjekten, denen die pers\u00f6nlichen Daten mitgeteilt werden k\u00f6nnen oder die in der Eigenschaft als im Staatsgebiet ernannte Vertreter, Verantwortliche oder bevollm\u00e4chtigte Einrichtungen informiert werden k\u00f6nnen;<\/span><br><span style=\"color: var(--theme-palette-color-3, #575756);\" class=\"stk-highlight\">der Kategorien personenbezogener Daten, deren Verarbeitung durchgef\u00fchrt wird;<\/span><br><span style=\"color: var(--theme-palette-color-3, #575756);\" class=\"stk-highlight\">die Aufbewahrungsfrist der Daten oder die Kriterien f\u00fcr die Festlegung dieser Frist;<\/span><br><span style=\"color: var(--theme-palette-color-3, #575756);\" class=\"stk-highlight\">\u00fcber das Bestehen einer automatisierten Entscheidungsfindung, insbesondere im Hinblick auf das Profiling, und die dabei angewandte Logik;<\/span><br><span style=\"color: var(--theme-palette-color-3, #575756);\" class=\"stk-highlight\">das Recht, eine Kopie der verarbeiteten personenbezogenen Daten zu erhalten;<\/span><br><span style=\"color: var(--theme-palette-color-3, #575756);\" class=\"stk-highlight\">Die interessierte Person hat das Recht, diese zu erhalten:<\/span><br><span style=\"color: var(--theme-palette-color-3, #575756);\" class=\"stk-highlight\">die Aktualisierung, die Berichtigung, d.h. bei Interesse an der Integration der Daten;<\/span><br><span style=\"color: var(--theme-palette-color-3, #575756);\" class=\"stk-highlight\">die L\u00f6schung, die Umwandlung in anonyme Form oder die Sperrung der gesetzeswidrig behandelten Daten, einschlie\u00dflich derjenigen, deren Aufbewahrung in Bezug auf die Zwecke, f\u00fcr die die Daten erhoben oder sp\u00e4ter verarbeitet wurden, nicht erforderlich ist;<\/span><br><span style=\"color: var(--theme-palette-color-3, #575756);\" class=\"stk-highlight\">die Best\u00e4tigung, dass die unter den Buchstaben A und B genannten Vorg\u00e4nge, auch was ihren Inhalt betrifft, jenen zur Kenntnis gebracht wurden, denen die Daten mitgeteilt oder \u00fcbermittelt wurden, es sei denn, ihre Erf\u00fcllung erweist sich als unm\u00f6glich oder erfordert den Einsatz von Mitteln, die in keinem Verh\u00e4ltnis zu dem gesch\u00fctzten Recht stehen;<\/span><\/p>\n\n\n\n<p class=\"has-palette-color-3-color has-text-color has-link-color wp-elements-0724eb1716a9583c6593e82042a8a9f6\" style=\"font-size:clamp(14px, 0.875rem + ((1vw - 3.2px) * 0.313), 18px);\">die \u00dcbertragbarkeit der Daten auf andere Stellen, wof\u00fcr eine ausdr\u00fcckliche Anfrage an die folgenden Kontaktpersonen zu stellen ist:&nbsp; 035783595, <a href=\"mailto:info@aludesign.it\">info@aludesign.it<\/a><\/p>\n\n\n\n<p class=\"has-palette-color-3-color has-text-color has-link-color wp-elements-24d55cbf654c41ac19cacbe011218862\" style=\"font-size:clamp(14px, 0.875rem + ((1vw - 3.2px) * 0.313), 18px);\">die L\u00f6schung der Daten in unseren Archiven, gem\u00e4\u00df Artikel 17 Teil 1 von a) bis f) der Verordnung (cd Recht auf Vergessenwerden), durch Kontaktaufnahme mit 035783595, info@aludesign.it, um die Datenverarbeitung gem\u00e4\u00df Artikel 18 Teil 1, Buchstabe von a) bis d) der Verordnung zu beschr\u00e4nken.<\/p>\n\n\n\n<p class=\"has-palette-color-3-color has-text-color has-link-color wp-elements-8a5317121e7626255eb8c7e9b067ee56\" style=\"font-size:clamp(14px, 0.875rem + ((1vw - 3.2px) * 0.313), 18px);\">Die betroffene Person hat das Recht, sich ganz oder teilweise der Verarbeitung der Daten zu widersetzen:<\/p>\n\n\n\n<ul class=\"wp-block-list\">\n<li style=\"font-size:clamp(14px, 0.875rem + ((1vw - 3.2px) * 0.313), 18px);\"><span style=\"color: var(--theme-palette-color-3, #575756);\" class=\"stk-highlight\">aus berechtigten Gr\u00fcnden, die mit seiner besonderen Situation zusammenh\u00e4ngen, auch wenn die Verarbeitung f\u00fcr den Zweck der Erhebung relevant ist;<\/span><\/li>\n\n\n\n<li style=\"font-size:clamp(14px, 0.875rem + ((1vw - 3.2px) * 0.313), 18px);\"><span style=\"color: var(--theme-palette-color-3, #575756);\" class=\"stk-highlight\">der Verarbeitung personenbezogener Daten, die sie betreffen, zu widersetzen, wenn diese Verarbeitung zum Zwecke des Versands von Werbematerial oder des Direktverkaufs, zur Markt- oder Meinungsforschung oder zur Handelsinformation erfolgt;<\/span><\/li>\n<\/ul>\n\n\n\n<p class=\"has-palette-color-3-color has-text-color has-link-color wp-elements-226f10477d938971bae4f7076def61fc\" style=\"font-size:clamp(14px, 0.875rem + ((1vw - 3.2px) * 0.313), 18px);\"><span style=\"color: var(--theme-palette-color-3, #575756);\" class=\"stk-highlight\">der Verarbeitung von Daten gem\u00e4\u00df Artikel 6 Absatz 1 Buchstaben e) und f) einschlie\u00dflich des Profilings auf der Grundlage dieser Bestimmungen.<\/span><\/p>\n\n\n\n<p class=\"has-palette-color-3-color has-text-color has-link-color wp-elements-0dea649b706b4d990ddba9ae9b5c7ef8\" style=\"font-size:clamp(14px, 0.875rem + ((1vw - 3.2px) * 0.313), 18px);\">Beruht die Verarbeitung der Daten auf der Einwilligung des Betroffenen, so hat er das Recht, diese Einwilligung jederzeit zu widerrufen, indem er eine ausdr\u00fcckliche Anfrage an die Kontaktadresse 035783595, <span style=\"color: var(--theme-palette-color-1, #ee7203);\" class=\"stk-highlight\">info@aludesign.it<\/span> richtet.<br>Sie k\u00f6nnen sich an den benannten DSB (Datenschutzbeauftragten) wenden, indem Sie eine E-Mail an <span style=\"color: var(--theme-palette-color-1, #ee7203);\" class=\"stk-highlight\">dpo@privacynet.it<\/span> oder eine Pec (zertifizierte elektronische Post) an <span style=\"color: var(--theme-palette-color-1, #ee7203);\" class=\"stk-highlight\">dpo@autpec.it<\/span> schreiben.<br>Die betroffene Person hat das Recht, eine Beschwerde bei den Aufsichtsbeh\u00f6rden einzureichen. Die Aus\u00fcbung der oben genannten Rechte kann mit einem an den Inhaber oder den Gesch\u00e4ftsf\u00fchrer gerichteten Antrag ausge\u00fcbt werden, der telefonisch, per E-Mail an die oben angegebene Adresse oder auch per Einschreiben A\/R \u00fcbermittelt wird.<br><\/p>\n\n\n\n<p><\/p>\n\n\n\n<p><\/p>\n","protected":false},"excerpt":{"rendered":"<p>DATENSCHUTZHINWEIS Datenschutzhinweis gem\u00e4\u00df Gesetzesdekret 196\/2003 und Kunst. 13 der Europ\u00e4ischen Verordnung 679\/2016 (DSGVO) Aludesign S.p.A. (MwSt.-Code 01893550168), in Person des gesetzlichen Vertreters pro tempore, mit Sitz in Via Torchio 22 \u2013 24034 Cisano Bergamasco (Bergamo), als f\u00fcr die Verarbeitung Verantwortlicher, informiert Sie dar\u00fcber, dass dies in \u00dcbereinstimmung mit dem Gesetzesdekret 196\/2003 und der Verordnung geschieht [&hellip;]<\/p>\n","protected":false},"author":4,"featured_media":0,"parent":0,"menu_order":0,"comment_status":"closed","ping_status":"open","template":"","meta":{"footnotes":""},"class_list":["post-1981","page","type-page","status-publish","hentry"],"blocksy_meta":[],"aioseo_notices":[],"_links":{"self":[{"href":"https:\/\/www.skylotec-oem.com\/de\/wp-json\/wp\/v2\/pages\/1981"}],"collection":[{"href":"https:\/\/www.skylotec-oem.com\/de\/wp-json\/wp\/v2\/pages"}],"about":[{"href":"https:\/\/www.skylotec-oem.com\/de\/wp-json\/wp\/v2\/types\/page"}],"author":[{"embeddable":true,"href":"https:\/\/www.skylotec-oem.com\/de\/wp-json\/wp\/v2\/users\/4"}],"replies":[{"embeddable":true,"href":"https:\/\/www.skylotec-oem.com\/de\/wp-json\/wp\/v2\/comments?post=1981"}],"version-history":[{"count":0,"href":"https:\/\/www.skylotec-oem.com\/de\/wp-json\/wp\/v2\/pages\/1981\/revisions"}],"wp:attachment":[{"href":"https:\/\/www.skylotec-oem.com\/de\/wp-json\/wp\/v2\/media?parent=1981"}],"curies":[{"name":"wp","href":"https:\/\/api.w.org\/{rel}","templated":true}]}}