{"id":1998,"date":"2024-10-02T08:43:50","date_gmt":"2024-10-02T08:43:50","guid":{"rendered":"https:\/\/www.skylotec-oem.com\/?page_id=1998"},"modified":"2024-10-17T09:31:52","modified_gmt":"2024-10-17T09:31:52","slug":"informativa-sui-cookie","status":"publish","type":"page","link":"https:\/\/www.skylotec-oem.com\/it\/informativa-sui-cookie\/","title":{"rendered":"INFORMATIVA SUI COOKIE"},"content":{"rendered":"\n<div class=\"wp-block-stackable-columns alignfull stk-block-columns stk-block stk-6b0a1b3 stk-block-background\" data-block-id=\"6b0a1b3\"><style>.stk-6b0a1b3 {background-color:var(--theme-palette-color-3, #575756) !important;background-repeat:no-repeat !important;background-size:cover !important;box-shadow:none !important;min-height:50vh !important;padding-top:250px !important;padding-bottom:150px !important;margin-bottom:0px !important;}.stk-6b0a1b3:before{background-color:var(--theme-palette-color-3, #575756) !important;}@media screen and (max-width: 1023px){.stk-6b0a1b3 {padding-top:200px !important;padding-bottom:250px !important;}}@media screen and (max-width: 767px){.stk-6b0a1b3 {padding-top:150px !important;padding-bottom:200px !important;}}<\/style><div class=\"stk-row stk-inner-blocks has-text-align-center stk-block-content stk-content-align stk-6b0a1b3-column\">\n<div class=\"wp-block-stackable-column stk-block-column stk-column stk-block stk-31728eb\" data-v=\"4\" data-block-id=\"31728eb\"><div class=\"stk-column-wrapper stk-block-column__content stk-container stk-31728eb-container stk--no-background stk--no-padding\"><div class=\"stk-block-content stk-inner-blocks stk-31728eb-inner-blocks\">\n<div class=\"wp-block-stackable-heading stk-block-heading stk-block-heading--v2 stk-block stk-0846fda\" id=\"pr\" data-block-id=\"0846fda\"><style>.stk-0846fda {margin-bottom:16px !important;}.stk-0846fda .stk-block-heading__text{font-size:60px !important;color:var(--theme-palette-color-8, #ffffff) !important;line-height:1.25em !important;font-weight:bold !important;font-style:normal !important;font-family:\"ct_font_square_721__cn_b_t__cyrillic\", Sans-serif !important;}@media screen and (max-width: 1023px){.stk-0846fda .stk-block-heading__text{font-size:50px !important;}}<\/style><h2 class=\"stk-block-heading__text has-text-color has-palette-color-8-color\"><strong>INFORMATIVA SUI COOKIE<\/strong><\/h2><\/div>\n\n\n\n<div class=\"wp-block-stackable-text stk-block-text stk-block stk-bd90787\" data-block-id=\"bd90787\"><style>.stk-bd90787 {max-width:1000px !important;min-width:auto !important;margin-right:auto !important;margin-bottom:60px !important;margin-left:auto !important;}.stk-bd90787 .stk-block-text__text{font-size:20px !important;color:var(--theme-palette-color-8, #ffffff) !important;font-weight:normal !important;font-family:\"ct_font_square_721__cn_b_t__cyrillic\", Sans-serif !important;}@media screen and (max-width: 1023px){.stk-bd90787 .stk-block-text__text{font-size:20px !important;}}<\/style><p class=\"stk-block-text__text has-text-color has-palette-color-8-color\">Qui troverete tutte le informazioni relative alla nostra politica sui cookie<\/p><\/div>\n<\/div><\/div><\/div>\n<\/div><\/div>\n\n\n\n<div class=\"wp-block-stackable-spacer stk-block-spacer stk--no-padding stk-block stk-211e357\" data-block-id=\"211e357\"><style>.stk-211e357 {height:50px !important;}<\/style><\/div>\n\n\n\n<h2 class=\"wp-block-heading\"><span style=\"color: var(--theme-palette-color-3, #575756);\" class=\"stk-highlight\">Che cos&#8217;\u00e8 un biscotto?<\/span><\/h2>\n\n\n\n<div class=\"wp-block-stackable-text stk-block-text stk-block stk-c4a72e4\" data-block-id=\"c4a72e4\"><style>.stk-c4a72e4 .stk-block-text__text{font-size:18px !important;font-family:\"ct_font_square_721__cn_b_t__cyrillic\", Sans-serif !important;}@media screen and (max-width: 1023px){.stk-c4a72e4 .stk-block-text__text{font-size:18px !important;}}<\/style><p class=\"stk-block-text__text\"><strong><span style=\"color: var(--theme-palette-color-3, #575756);\" class=\"stk-highlight\">Cookie del browser:<\/span><\/strong><br><span style=\"color: var(--theme-palette-color-3, #575756);\" class=\"stk-highlight\">I cookie sono informazioni che un sito Web inserisce nel dispositivo di navigazione dell&#8217;utente quando visita una pagina. Possono comportare la trasmissione di informazioni tra il sito web e il dispositivo dell&#8217;utente, nonch\u00e9 tra quest&#8217;ultimo e altri siti che operano in proprio o in privato, come stabilito nella rispettiva Informativa sulla privacy. Possiamo utilizzare i cookie per raccogliere le informazioni che vi riguardano. \u00c8 possibile scegliere di essere avvisati ogni volta che viene inviato un cookie o di disabilitare tutti i cookie modificando le impostazioni del browser. Disabilitando i cookie, tuttavia, alcuni dei nostri servizi potrebbero non funzionare correttamente e l&#8217;utente non potr\u00e0 accedere a molte funzioni progettate per ottimizzare la sua esperienza di navigazione sul sito. Per ulteriori informazioni sulla gestione o la disabilitazione dei cookie del browser, consultare l&#8217;ultima sezione della presente Informativa sui cookie.<\/span><\/p><\/div>\n\n\n\n<div class=\"wp-block-stackable-text stk-block-text stk-block stk-bde55dd\" data-block-id=\"bde55dd\"><style>.stk-bde55dd .stk-block-text__text{font-size:18px !important;font-family:\"ct_font_square_721__cn_b_t__cyrillic\", Sans-serif !important;}@media screen and (max-width: 1023px){.stk-bde55dd .stk-block-text__text{font-size:18px !important;}}<\/style><p class=\"stk-block-text__text\"><span style=\"color: var(--theme-palette-color-3, #575756);\" class=\"stk-highlight\">Utilizziamo diversi tipi di cookie con funzioni diverse per il sito web <strong>www.skylotec-oem.com<\/strong> e per <strong>tutti i sottodomini<\/strong>:<\/span><\/p><\/div>\n\n\n\n<div class=\"wp-block-stackable-text stk-block-text stk-block stk-e859a5b\" data-block-id=\"e859a5b\"><style>.stk-e859a5b .stk-block-text__text{font-size:18px !important;color:var(--theme-palette-color-3, #575756) !important;font-family:\"ct_font_square_721__cn_b_t__cyrillic\", Sans-serif !important;}@media screen and (max-width: 1023px){.stk-e859a5b .stk-block-text__text{font-size:18px !important;}}<\/style><p class=\"stk-block-text__text has-text-color\"><span style=\"color: var(--theme-palette-color-3, #575756);\" class=\"stk-highlight\"><strong>Cookie tecnico<\/strong><\/span><br>Questi cookie sono essenziali per poter navigare sul Web e utilizzare alcune funzionalit\u00e0. Senza i cookie strettamente necessari alcuni servizi del nostro sito web potrebbero non funzionare. Non \u00e8 necessario fornire il consenso per i cookie sono strettamente necessari, in quanto sono essenziali per garantire i servizi richiesti.<\/p><\/div>\n\n\n\n<div class=\"wp-block-stackable-text stk-block-text stk-block stk-73d5e38\" data-block-id=\"73d5e38\"><style>.stk-73d5e38 .stk-block-text__text{font-size:18px !important;color:var(--theme-palette-color-3, #575756) !important;font-family:\"ct_font_square_721__cn_b_t__cyrillic\", Sans-serif !important;}@media screen and (max-width: 1023px){.stk-73d5e38 .stk-block-text__text{font-size:18px !important;}}<\/style><p class=\"stk-block-text__text has-text-color\"><span style=\"color: var(--theme-palette-color-3, #575756);\" class=\"stk-highlight\"><strong>Cookie di prestazione<\/strong><\/span><br>\u00c8 possibile che da parte nostra (o dei fornitori di servizi che agiscono per nostro conto) vengano inseriti dei cookie per le prestazioni nel vostro dispositivo di navigazione. Le informazioni raccolte attraverso i cookie sono utilizzate esclusivamente per le prestazioni da noi o per nostro conto. I cookie di performance raccolgono informazioni anonime sul modo in cui gli utenti utilizzano il sito Web e le sue varie funzionalit\u00e0. Ad esempio, i nostri cookie per raccogliere informazioni sulle prestazioni delle pagine web che visitate pi\u00f9 spesso e la nostra pubblicit\u00e0 che appaiono su altri siti web con cui interagire, cos\u00ec come controllare se si apre e leggere le comunicazioni cheA si invia e ricevere se i messaggi di errore. Le informazioni raccolte possono essere utilizzate per personalizzare la vostra esperienza online mostrandovi cAontenuti specifici. I cookie per le prestazioni servono anche a limitare il numero di visualizzazioni della stessa pubblicitA. I nostri cookie non raccolgono informazioni per le prestazioni di natura personale. Un link alla nostra Politica sui cookie \u00e8 disponibile in fondo a ogni pagina di questo sito web. Continuando a utilizzare questo sito web e le sue funzionalit\u00e0, l&#8217;utente autorizza noi (e gli inserzionisti esterni a questo sito web) a inserire cookie per le prestazioni nel proprio dispositivo di navigazione. Per eliminare o gestire i cookie per le prestazioni, consultare l&#8217;ultima sezione della presente Informativa sui cookie.<\/p><\/div>\n\n\n\n<div class=\"wp-block-stackable-text stk-block-text stk-block stk-cf7015a\" data-block-id=\"cf7015a\"><style>.stk-cf7015a .stk-block-text__text{font-size:18px !important;color:var(--theme-palette-color-3, #575756) !important;}@media screen and (max-width: 1023px){.stk-cf7015a .stk-block-text__text{font-size:18px !important;}}<\/style><p class=\"stk-block-text__text has-text-color\"><span style=\"color: var(--theme-palette-color-3, #575756);\" class=\"stk-highlight\"><strong>Cookie di funzionalit\u00e0<\/strong><\/span><br>\u00c8 possibile che da parte nostra (o dei fornitori di servizi che agiscono per nostro conto) vengano inseriti dei cookie per funzionare nel vostro dispositivo di navigazione. Non condividiamo le informazioni raccolte attraverso i cookie per funzionare con i nostri inserzionisti o terze parti. Questi cookie vengono utilizzati per memorizzare le scelte effettuate dall&#8217;utente (preferenza di lingua, paese o altre impostazioni online) e per fornire funzionalit\u00e0 personalizzate o ottimizzate selezionate dall&#8217;utente. I cookie per le funzionalit\u00e0 possono essere utilizzati per fornire servizi online o per evitare che vi vengano offerti servizi che avete rifiutato in passato. In alcuni casi, possiamo consentire agli inserzionisti o a terzi di fornire contenuti e altre esperienze online tramite questo sito Web. In questo caso, la terza parte in questione pu\u00f2 inserire i propri cookie nel dispositivo dell&#8217;utente e utilizzarli, in modo simile a noi, per fornire funzionalit\u00e0 personalizzate e ottimizzare l&#8217;esperienza dell&#8217;utente. Selezionando opzioni e impostazioni personalizzate o funzionalit\u00e0 avanzate, si autorizza l&#8217;utilizzo da parte nostra (e di altri) delle funzionalit\u00e0 dei cookie necessarie per fornire queste esperienze. L&#8217;eliminazione dei cookie per funzionalit\u00e0, preferenze o impostazioni non verr\u00e0 memorizzata per le visite future.<\/p><\/div>\n\n\n\n<p style=\"font-size:clamp(14px, 0.875rem + ((1vw - 3.2px) * 0.313), 18px);\"><span style=\"color: var(--theme-palette-color-3, #575756);\" class=\"stk-highlight\"><strong>Cookie promozionali o di targeting<\/strong><\/span><\/p>\n\n\n\n<ol start=\"4\" class=\"wp-block-list\">\n<li><\/li>\n<\/ol>\n\n\n\n<h2 class=\"wp-block-heading\"><span style=\"color: var(--theme-palette-color-3, #575756);\" class=\"stk-highlight\">Pubblicit\u00e0 mirata gestita da terzi<\/span><\/h2>\n\n\n\n<div class=\"wp-block-stackable-text stk-block-text stk-block stk-4608b11\" data-block-id=\"4608b11\"><style>.stk-4608b11 .stk-block-text__text{font-size:18px !important;font-family:\"ct_font_square_721__cn_b_t__cyrillic\", Sans-serif !important;}@media screen and (max-width: 1023px){.stk-4608b11 .stk-block-text__text{font-size:18px !important;}}<\/style><p class=\"stk-block-text__text\"><span style=\"color: var(--theme-palette-color-3, #575756);\" class=\"stk-highlight\">I cookie per la pubblicit\u00e0 mirata gestiti da terzi possono essere memorizzati sul dispositivo dell&#8217;utente da inserzionisti terzi, reti pubblicitarie, servizi di scambio dati e analisi di marketing e altri fornitori di servizi. I cookie per la pubblicit\u00e0 mirata gestiti da terzi raccolgono informazioni sulla navigazione dell&#8217;utente su vari siti Web e servizi online al fine di visualizzare annunci pertinenti su siti Web e servizi online e di terzi. Le reti pubblicitarie possono condividere queste informazioni con gli inserzionisti che utilizzano la loro rete. Le informazioni raccolte utilizzando questi cookie per la pubblicit\u00e0 mirata gestiti da terzi non identificano personalmente l&#8217;utente.<\/span><\/p><\/div>\n\n\n\n<div class=\"wp-block-stackable-text stk-block-text stk-block stk-1b1d766\" data-block-id=\"1b1d766\"><style>.stk-1b1d766 .stk-block-text__text{font-size:18px !important;font-family:\"ct_font_square_721__cn_b_t__cyrillic\", Sans-serif !important;}@media screen and (max-width: 1023px){.stk-1b1d766 .stk-block-text__text{font-size:18px !important;}}<\/style><p class=\"stk-block-text__text\"><span style=\"color: var(--theme-palette-color-3, #575756);\" class=\"stk-highlight\">Per modificare le impostazioni relative agli annunci di Google, si consiglia di accedere alla seguente pagina: <a href=\"https:\/\/www.google.com\/settings\/u\/0\/ads\">Impostazione degli annunci Google<\/a>.<\/span><\/p><\/div>\n\n\n\n<div class=\"wp-block-stackable-text stk-block-text stk-block stk-935eef6\" data-block-id=\"935eef6\"><style>.stk-935eef6 .stk-block-text__text{font-size:18px !important;color:var(--theme-palette-color-3, #575756) !important;font-family:\"ct_font_square_721__cn_b_t__cyrillic\", Sans-serif !important;}@media screen and (max-width: 1023px){.stk-935eef6 .stk-block-text__text{font-size:18px !important;}}<\/style><p class=\"stk-block-text__text has-text-color\"><strong>Per maggiori informazioni e per la possibilit\u00e0 di rinuncia, visitare il sito<span style=\"color: var(--theme-palette-color-1, #ee7203);\" class=\"stk-highlight\"> www.youronlinechoices.eu<\/span>.<\/strong><\/p><\/div>\n\n\n\n<div class=\"wp-block-stackable-text stk-block-text stk-block stk-fee8185\" data-block-id=\"fee8185\"><style>.stk-fee8185 .stk-block-text__text{font-size:18px !important;color:var(--theme-palette-color-3, #575756) !important;font-family:\"ct_font_square_721__cn_b_t__cyrillic\", Sans-serif !important;}@media screen and (max-width: 1023px){.stk-fee8185 .stk-block-text__text{font-size:18px !important;}}<\/style><p class=\"stk-block-text__text has-text-color\">Di seguito forniamo un elenco (non esaustivo) di alcune delle aziende partner che possono utilizzare i cookie durante la navigazione del sito climbingtechnology.com e dei relativi sottodomini:<\/p><\/div>\n\n\n\n<ul class=\"wp-block-list\">\n<li style=\"font-size:clamp(14px, 0.875rem + ((1vw - 3.2px) * 0.313), 18px);\"><span style=\"color: var(--theme-palette-color-3, #575756);\" class=\"stk-highlight\">Google Analytics:<\/span>&nbsp;<a href=\"https:\/\/www.google.com\/analytics\/learn\/privacy.html?hl=en\" target=\"_blank\" rel=\"noreferrer noopener\">dettagli qui<\/a><\/li>\n\n\n\n<li style=\"font-size:clamp(14px, 0.875rem + ((1vw - 3.2px) * 0.313), 18px);\"><span style=\"color: var(--theme-palette-color-3, #575756);\" class=\"stk-highlight\">Google+:<\/span>&nbsp;<a href=\"http:\/\/www.google.com\/intl\/en\/policies\/technologies\/types\/\" target=\"_blank\" rel=\"noreferrer noopener\">dettagli qui<\/a><\/li>\n\n\n\n<li style=\"font-size:clamp(14px, 0.875rem + ((1vw - 3.2px) * 0.313), 18px);\"><span style=\"color: var(--theme-palette-color-3, #575756);\" class=\"stk-highlight\">Facebook:<\/span>&nbsp;<a href=\"https:\/\/www.facebook.com\/help\/cookies\/\" target=\"_blank\" rel=\"noreferrer noopener\">dettagli qui<\/a><\/li>\n\n\n\n<li style=\"font-size:clamp(14px, 0.875rem + ((1vw - 3.2px) * 0.313), 18px);\"><span style=\"color: var(--theme-palette-color-3, #575756);\" class=\"stk-highlight\">Twitter:<\/span>&nbsp;<a href=\"https:\/\/support.twitter.com\/articles\/20170519-uso-dei-cookie-e-di-altre-tecnologie-simili-da-parte-di-twitter\" target=\"_blank\" rel=\"noreferrer noopener\">dettagli qui<\/a><\/li>\n\n\n\n<li style=\"font-size:clamp(14px, 0.875rem + ((1vw - 3.2px) * 0.313), 18px);\"><span style=\"color: var(--theme-palette-color-3, #575756);\" class=\"stk-highlight\">Linkedin:<\/span>&nbsp;<a href=\"http:\/\/it.linkedin.com\/legal\/cookie-policy\" target=\"_blank\" rel=\"noreferrer noopener\">dettagli qui<\/a><\/li>\n\n\n\n<li style=\"font-size:clamp(14px, 0.875rem + ((1vw - 3.2px) * 0.313), 18px);\"><span style=\"color: var(--theme-palette-color-3, #575756);\" class=\"stk-highlight\">YouTube:<\/span>&nbsp;<a href=\"https:\/\/www.youtube.com\/static?template=privacy_guidelines&amp;gl=IT\" target=\"_blank\" rel=\"noreferrer noopener\">dettagli qui<\/a><\/li>\n\n\n\n<li style=\"font-size:clamp(14px, 0.875rem + ((1vw - 3.2px) * 0.313), 18px);\"><span style=\"color: var(--theme-palette-color-3, #575756);\" class=\"stk-highlight\">AddThis:<\/span>&nbsp;<a href=\"http:\/\/www.addthis.com\/privacy\/privacy-policy#publisher-visitors\" target=\"_blank\" rel=\"noreferrer noopener\">dettagli qui<\/a><\/li>\n\n\n\n<li style=\"font-size:clamp(14px, 0.875rem + ((1vw - 3.2px) * 0.313), 18px);\"><span style=\"color: var(--theme-palette-color-3, #575756);\" class=\"stk-highlight\">Remarketing Google AdWords :<\/span>&nbsp;<a href=\"https:\/\/support.google.com\/adwords\/answer\/2549063?hl=it\" target=\"_blank\" rel=\"noreferrer noopener\">dettagli qui<\/a><\/li>\n<\/ul>\n\n\n\n<h2 class=\"wp-block-heading\"><span style=\"color: var(--theme-palette-color-3, #575756);\" class=\"stk-highlight\">Abilitare\/disabilitare i cookie dal browser<\/span><\/h2>\n\n\n\n<div class=\"wp-block-stackable-text stk-block-text stk-block stk-e0fa204\" data-block-id=\"e0fa204\"><style>.stk-e0fa204 .stk-block-text__text{font-size:18px !important;color:var(--theme-palette-color-3, #575756) !important;font-family:\"ct_font_square_721__cn_b_t__cyrillic\", Sans-serif !important;}@media screen and (max-width: 1023px){.stk-e0fa204 .stk-block-text__text{font-size:18px !important;}}<\/style><p class=\"stk-block-text__text has-text-color\">Esistono diversi modi per gestire i cookie e altre tecnologie di tracciamento. Modificando le impostazioni del browser, \u00e8 possibile accettare o rifiutare i cookie o scegliere di ricevere un avviso prima di accettare un cookie dai siti web visitati. Si noti che disabilitando completamente i cookie nel browser si potrebbe non essere in grado di utilizzare tutte le nostre funzioni interattive.<\/p><\/div>\n\n\n\n<div class=\"wp-block-stackable-text stk-block-text stk-block stk-418c57a\" data-block-id=\"418c57a\"><style>.stk-418c57a .stk-block-text__text{font-size:18px !important;color:var(--theme-palette-color-3, #575756) !important;font-family:\"ct_font_square_721__cn_b_t__cyrillic\", Sans-serif !important;}@media screen and (max-width: 1023px){.stk-418c57a .stk-block-text__text{font-size:18px !important;}}<\/style><p class=\"stk-block-text__text has-text-color\">Se si utilizzano pi\u00f9 computer in luoghi diversi, assicurarsi che ogni browser sia impostato in base alle proprie preferenze.<\/p><\/div>\n\n\n\n<div class=\"wp-block-stackable-text stk-block-text stk-block stk-b27b2f8\" data-block-id=\"b27b2f8\"><style>.stk-b27b2f8 .stk-block-text__text{font-size:18px !important;color:var(--theme-palette-color-3, #575756) !important;font-family:\"ct_font_square_721__cn_b_t__cyrillic\", Sans-serif !important;}@media screen and (max-width: 1023px){.stk-b27b2f8 .stk-block-text__text{font-size:18px !important;}}<\/style><p class=\"stk-block-text__text has-text-color\">\u00c8 possibile eliminare tutti i cookie installati nella cartella dei cookie del browser. Ogni browser prevede procedure diverse per la gestione delle impostazioni. Per istruzioni specifiche, fare clic su uno dei link riportati di seguito.<\/p><\/div>\n\n\n\n<div class=\"wp-block-stackable-text stk-block-text stk-block stk-1f84247\" data-block-id=\"1f84247\"><style>.stk-1f84247 .stk-block-text__text{font-size:18px !important;color:var(--theme-palette-color-3, #575756) !important;font-family:\"ct_font_square_721__cn_b_t__cyrillic\", Sans-serif !important;}@media screen and (max-width: 1023px){.stk-1f84247 .stk-block-text__text{font-size:18px !important;}}<\/style><p class=\"stk-block-text__text has-text-color\"><a href=\"http:\/\/windows.microsoft.com\/it-it\/windows7\/block-enable-or-allow-cookies\" target=\"_blank\" rel=\"noreferrer noopener\"><strong>Microsoft Windows Explorer<\/strong><\/a><br><a href=\"https:\/\/support.google.com\/chrome\/bin\/answer.py?hl=it&amp;answer=95647&amp;p=cpn_cookies\" target=\"_blank\" rel=\"noreferrer noopener\"><strong>Google Chrome\u00a0<\/strong><\/a><br><a href=\"https:\/\/support.mozilla.org\/en-US\/kb\/enable-and-disable-cookies-website-preferences\" target=\"_blank\" rel=\"noreferrer noopener\"><strong>Mozilla Firefox\u00a0<\/strong><\/a><br><a href=\"http:\/\/support.apple.com\/kb\/PH17191?viewlocale=it_IT&amp;locale=it_IT\" target=\"_blank\" rel=\"noreferrer noopener\"><strong>Apple Safari\u00a0<\/strong><\/a><\/p><\/div>\n\n\n\n<div class=\"wp-block-stackable-text stk-block-text stk-block stk-947c3e5\" data-block-id=\"947c3e5\"><style>.stk-947c3e5 .stk-block-text__text{font-size:18px !important;color:var(--theme-palette-color-3, #575756) !important;font-family:\"ct_font_square_721__cn_b_t__cyrillic\", Sans-serif !important;}@media screen and (max-width: 1023px){.stk-947c3e5 .stk-block-text__text{font-size:18px !important;}}<\/style><p class=\"stk-block-text__text has-text-color\">Se non si utilizza uno dei browser sopra elencati, selezionare \u201ccookie\u201d nella relativa sezione della guida per scoprire dove si trova la cartella dei cookie.<\/p><\/div>\n\n\n\n<p><\/p>\n","protected":false},"excerpt":{"rendered":"<p>INFORMATIVA SUI COOKIE Qui troverete tutte le informazioni relative alla nostra politica sui cookie Che cos&#8217;\u00e8 un biscotto? Cookie del browser:I cookie sono informazioni che un sito Web inserisce nel dispositivo di navigazione dell&#8217;utente quando visita una pagina. Possono comportare la trasmissione di informazioni tra il sito web e il dispositivo dell&#8217;utente, nonch\u00e9 tra quest&#8217;ultimo [&hellip;]<\/p>\n","protected":false},"author":4,"featured_media":0,"parent":0,"menu_order":0,"comment_status":"closed","ping_status":"closed","template":"","meta":{"footnotes":""},"class_list":["post-1998","page","type-page","status-publish","hentry"],"blocksy_meta":[],"aioseo_notices":[],"_links":{"self":[{"href":"https:\/\/www.skylotec-oem.com\/it\/wp-json\/wp\/v2\/pages\/1998"}],"collection":[{"href":"https:\/\/www.skylotec-oem.com\/it\/wp-json\/wp\/v2\/pages"}],"about":[{"href":"https:\/\/www.skylotec-oem.com\/it\/wp-json\/wp\/v2\/types\/page"}],"author":[{"embeddable":true,"href":"https:\/\/www.skylotec-oem.com\/it\/wp-json\/wp\/v2\/users\/4"}],"replies":[{"embeddable":true,"href":"https:\/\/www.skylotec-oem.com\/it\/wp-json\/wp\/v2\/comments?post=1998"}],"version-history":[{"count":0,"href":"https:\/\/www.skylotec-oem.com\/it\/wp-json\/wp\/v2\/pages\/1998\/revisions"}],"wp:attachment":[{"href":"https:\/\/www.skylotec-oem.com\/it\/wp-json\/wp\/v2\/media?parent=1998"}],"curies":[{"name":"wp","href":"https:\/\/api.w.org\/{rel}","templated":true}]}}