{"id":1973,"date":"2024-06-24T09:22:52","date_gmt":"2024-06-24T09:22:52","guid":{"rendered":"https:\/\/www.skylotec-oem.com\/?page_id=1973"},"modified":"2024-10-28T09:53:02","modified_gmt":"2024-10-28T09:53:02","slug":"location","status":"publish","type":"page","link":"https:\/\/www.skylotec-oem.com\/ro\/location\/","title":{"rendered":"LOCATION"},"content":{"rendered":"\n<div class=\"wp-block-stackable-columns alignfull stk-block-columns stk-block stk-6b0a1b3 stk-block-background stk--has-background-overlay\" data-block-id=\"6b0a1b3\"><style>.stk-6b0a1b3:before{background-color:#000000 !important;opacity:0.5 !important;}.stk-6b0a1b3 {box-shadow:none !important;min-height:50vh !important;padding-top:250px !important;padding-bottom:150px !important;margin-bottom:0px !important;}@media screen and (max-width: 1023px){.stk-6b0a1b3 {padding-top:200px !important;padding-bottom:250px !important;}}@media screen and (max-width: 767px){.stk-6b0a1b3 {min-height:600px !important;padding-top:100px !important;padding-bottom:50px !important;}}<\/style><div class=\"stk-row stk-inner-blocks has-text-align-center stk-block-content stk-content-align stk-6b0a1b3-column\">\n<div class=\"wp-block-stackable-column stk-block-column stk-column stk-block stk-31728eb\" data-v=\"4\" data-block-id=\"31728eb\"><div class=\"stk-column-wrapper stk-block-column__content stk-container stk-31728eb-container stk--no-background stk--no-padding\"><div class=\"stk-block-content stk-inner-blocks stk-31728eb-inner-blocks\">\n<div class=\"wp-block-stackable-heading stk-block-heading stk-block-heading--v2 stk-block stk-0846fda\" id=\"pr\" data-block-id=\"0846fda\"><style>.stk-0846fda {margin-bottom:16px !important;}.stk-0846fda .stk-block-heading__text{font-size:60px !important;color:var(--theme-palette-color-8, #ffffff) !important;line-height:1.25em !important;font-weight:bold !important;font-style:normal !important;font-family:\"ct_font_square_721__cn_b_t__cyrillic\", Sans-serif !important;}@media screen and (max-width: 1023px){.stk-0846fda .stk-block-heading__text{font-size:50px !important;}}@media screen and (max-width: 767px){.stk-0846fda .stk-block-heading__text{font-size:40px !important;}}<\/style><h2 class=\"stk-block-heading__text has-text-color has-palette-color-8-color\">UNIT\u0102\u021aILE NOASTRE DE PRODUC\u021aIE<\/h2><\/div>\n\n\n\n<div class=\"wp-block-stackable-text stk-block-text stk-block stk-bd90787\" data-block-id=\"bd90787\"><style>.stk-bd90787 {max-width:1000px !important;min-width:auto !important;margin-right:auto !important;margin-bottom:60px !important;margin-left:auto !important;}.stk-bd90787 .stk-block-text__text{font-size:20px !important;color:var(--theme-palette-color-8, #ffffff) !important;font-weight:normal !important;font-family:\"ct_font_square_721__cn_b_t__cyrillic\", Sans-serif !important;}@media screen and (max-width: 1023px){.stk-bd90787 .stk-block-text__text{font-size:20px !important;}}@media screen and (max-width: 767px){.stk-bd90787 .stk-block-text__text{font-size:18px !important;}}<\/style><p class=\"stk-block-text__text has-text-color has-palette-color-8-color\">MADE IN EUROPE, MADE BY US &#8211; Grupul include dou\u0103 unit\u0103\u021bi de produc\u021bie europene, lideri \u00een prelucrarea \u0219i finisarea metalelor.<br>Misiunea noastr\u0103 este de a garanta o produc\u021bie realizat\u0103 \u00een \u00eentregime \u00een Europa, cu competen\u021be interne \u0219i furnizori europeni.<\/p><\/div>\n<\/div><\/div><\/div>\n<\/div><video class=\"stk-video-background\" autoplay muted loop playsinline src=\"https:\/\/www.skylotec-oem.com\/wp-content\/uploads\/2024\/10\/SKYLOTEC-OEM_Website_Location.webm\" poster=\"\"><\/video><\/div>\n\n\n\n<div class=\"wp-block-stackable-spacer stk-block-spacer stk--no-padding stk-block stk-fb3b620\" data-block-id=\"fb3b620\"><style>.stk-fb3b620 {height:30px !important;}<\/style><\/div>\n\n\n\n<div class=\"wp-block-stackable-columns alignfull stk-block-columns stk-block stk-36fcc65 stk-block-background\" data-block-id=\"36fcc65\"><style>.stk-36fcc65 {background-color:#fbf6ed !important;background-position:center right !important;background-repeat:no-repeat !important;background-size:25% !important;padding-top:0px !important;padding-right:0px !important;padding-bottom:0px !important;padding-left:0px !important;margin-bottom:0px !important;}.stk-36fcc65:before{background-color:#fbf6ed !important;}<\/style><div class=\"stk-row stk-inner-blocks stk-block-content stk-content-align stk-36fcc65-column alignfull\">\n<div class=\"wp-block-stackable-column stk-block-column stk-column stk-block stk-4cc4455 stk-block-background stk--has-background-overlay\" data-v=\"4\" data-block-id=\"4cc4455\"><style>.stk-4cc4455-container{margin-top:0px !important;margin-right:0px !important;margin-bottom:0px !important;margin-left:0px !important;}.stk-4cc4455 {background-color:var(--theme-palette-color-2, #eeeeee) !important;background-image:url(https:\/\/www.skylotec-oem.com\/wp-content\/uploads\/2024\/10\/production_italy.jpg) !important;background-position:center center !important;background-repeat:no-repeat !important;background-size:cover !important;min-height:800px !important;padding-top:0px !important;padding-right:0px !important;padding-bottom:0px !important;padding-left:0px !important;}.stk-4cc4455:before{background-color:var(--theme-palette-color-2, #eeeeee) !important;opacity:0 !important;}@media screen and (min-width: 768px){.stk-4cc4455 {flex:var(--stk-flex-grow, 1) 1 calc(50% - var(--stk-column-gap, 0px) * 1 \/ 2 ) !important;}}@media screen and (max-width: 767px){.stk-4cc4455 {min-height:370px !important;}}<\/style><div class=\"stk-column-wrapper stk-block-column__content stk-container stk-4cc4455-container stk--no-background stk--no-padding\"><div class=\"stk-block-content stk-inner-blocks stk-4cc4455-inner-blocks\">\n<div class=\"wp-block-stackable-spacer stk-block-spacer stk--no-padding stk-block stk-168e3d2\" data-block-id=\"168e3d2\"><style>@media screen and (max-width: 767px){.stk-168e3d2 {height:370px !important;}}<\/style><\/div>\n<\/div><\/div><\/div>\n\n\n\n<div class=\"wp-block-stackable-column stk-block-column stk-column stk-block stk-2af2170 stk-block-background\" data-v=\"4\" data-block-id=\"2af2170\"><style>.stk-2af2170-container{margin-top:0px !important;margin-right:0px !important;margin-bottom:0px !important;margin-left:0px !important;max-width:645px !important;min-width:auto !important;padding-top:100px !important;padding-right:50px !important;padding-bottom:100px !important;padding-left:50px !important;}.stk-2af2170 {background-color:var(--theme-palette-color-2, #eeeeee) !important;}.stk-2af2170:before{background-color:var(--theme-palette-color-2, #eeeeee) !important;}@media screen and (min-width: 768px){.stk-2af2170 {flex:var(--stk-flex-grow, 1) 1 calc(50% - var(--stk-column-gap, 0px) * 1 \/ 2 ) !important;}}@media screen and (max-width: 1023px){.stk-2af2170-container{padding-top:80px !important;padding-bottom:80px !important;}}@media screen and (max-width: 767px){.stk-2af2170-container{padding-right:30px !important;padding-left:30px !important;}}<\/style><div class=\"stk-column-wrapper stk-block-column__content stk-container stk-2af2170-container stk--no-background stk--no-padding\"><div class=\"has-text-align-center-mobile stk-block-content stk-inner-blocks stk-2af2170-inner-blocks\">\n<div class=\"wp-block-stackable-heading stk-block-heading stk-block-heading--v2 stk-block stk-b8d35cf\" id=\"aludesign-italia\" data-block-id=\"b8d35cf\"><style>.stk-b8d35cf {margin-bottom:40px !important;}.stk-b8d35cf .stk-block-heading__text{font-size:48px !important;line-height:1.2em !important;font-weight:bold !important;font-family:\"ct_font_square_721__cn_b_t__cyrillic\", Sans-serif !important;}@media screen and (max-width: 1023px){.stk-b8d35cf .stk-block-heading__text{font-size:40px !important;}}<\/style><h3 class=\"stk-block-heading__text\">ALUDESIGN ITALIA<\/h3><\/div>\n\n\n\n<div class=\"wp-block-stackable-text stk-block-text stk-block stk-8435d41\" data-block-id=\"8435d41\"><style>.stk-8435d41 {margin-bottom:40px !important;}.stk-8435d41 .stk-block-text__text{font-size:18px !important;color:var(--theme-palette-color-3, #575756) !important;font-family:\"ct_font_square_721__cn_b_t__cyrillic\", Sans-serif !important;}@media screen and (max-width: 1023px){.stk-8435d41 .stk-block-text__text{font-size:18px !important;}}<\/style><p class=\"stk-block-text__text has-text-color\">Fondat\u0103 \u00een 1986, ALUDESIGN este specializat\u0103 \u00een componente metalice de \u00eenalt\u0103 precizie, fabricate integral \u00een Europa. Cu peste 110 angaja\u021bi califica\u021bi, lucr\u0103m cu aliaje de aluminiu, o\u021bel inoxidabil, o\u021bel carbon \u0219i alam\u0103, folosind procese avansate precum forjare la rece \u0219i la cald, prelucrare CNC, t\u0103iere cu laser \u0219i asamblare.<br><br>Misiunea noastr\u0103, Made in Europe, Made by Us, reflect\u0103 angajamentul nostru de a combina designul \u0219i ingineria inovatoare cu o aten\u021bie meticuloas\u0103 la detalii. Ca parte a grupului SKYLOTEC din 2021, asigur\u0103m cea mai \u00eenalt\u0103 performan\u021b\u0103 prin selectarea celor mai bune materiale \u0219i prin utilizarea tehnicilor de produc\u021bie de top.<\/p><\/div>\n<\/div><\/div><\/div>\n<\/div><\/div>\n\n\n\n<div class=\"wp-block-stackable-columns alignfull stk-block-columns stk-block stk-6de8ea8 stk-block-background\" data-block-id=\"6de8ea8\"><style>.stk-6de8ea8 {background-color:#fbf6ed !important;background-position:center right !important;background-repeat:no-repeat !important;background-size:25% !important;padding-top:0px !important;padding-right:0px !important;padding-bottom:0px !important;padding-left:0px !important;margin-bottom:0px !important;}.stk-6de8ea8:before{background-color:#fbf6ed !important;}<\/style><div class=\"stk-row stk-inner-blocks stk-block-content stk-content-align stk-6de8ea8-column alignfull\">\n<div class=\"wp-block-stackable-column stk-block-column stk-column stk-block stk-a711139 stk-block-background\" data-v=\"4\" data-block-id=\"a711139\"><style>.stk-a711139-container{margin-top:0px !important;margin-right:0px !important;margin-bottom:0px !important;margin-left:auto !important;max-width:645px !important;min-width:auto !important;padding-top:100px !important;padding-right:50px !important;padding-bottom:100px !important;padding-left:50px !important;}.stk-a711139 {background-color:var(--theme-palette-color-7, #FDFDFD) !important;}.stk-a711139:before{background-color:var(--theme-palette-color-7, #FDFDFD) !important;}@media screen and (min-width: 768px){.stk-a711139 {flex:var(--stk-flex-grow, 1) 1 calc(50% - var(--stk-column-gap, 0px) * 1 \/ 2 ) !important;}}@media screen and (max-width: 1023px){.stk-a711139-container{padding-top:80px !important;padding-bottom:80px !important;}}@media screen and (max-width: 767px){.stk-a711139-container{padding-right:30px !important;padding-left:30px !important;}}<\/style><div class=\"stk-column-wrapper stk-block-column__content stk-container stk-a711139-container stk--no-background stk--no-padding\"><div class=\"has-text-align-center-mobile stk-block-content stk-inner-blocks stk-a711139-inner-blocks\">\n<div class=\"wp-block-stackable-heading stk-block-heading stk-block-heading--v2 stk-block stk-c2d0cbf\" id=\"our-company-values\" data-block-id=\"c2d0cbf\"><style>.stk-c2d0cbf {margin-bottom:40px !important;}.stk-c2d0cbf .stk-block-heading__text{font-size:48px !important;line-height:1.2em !important;font-weight:bold !important;font-family:\"ct_font_square_721__cn_b_t__cyrillic\", Sans-serif !important;}@media screen and (max-width: 1023px){.stk-c2d0cbf .stk-block-heading__text{font-size:40px !important;}}<\/style><h2 class=\"stk-block-heading__text has-text-align-left has-text-align-center-mobile\">SKYLOTEC ROM\u00c2NIA <\/h2><\/div>\n\n\n\n<div class=\"wp-block-stackable-text stk-block-text stk-block stk-ae00803\" data-block-id=\"ae00803\"><style>.stk-ae00803 {margin-bottom:30px !important;}.stk-ae00803 .stk-block-text__text{font-size:18px !important;color:var(--theme-palette-color-3, #575756) !important;font-family:\"ct_font_square_721__cn_b_t__cyrillic\", Sans-serif !important;}@media screen and (max-width: 1023px){.stk-ae00803 .stk-block-text__text{font-size:18px !important;}}<\/style><p class=\"stk-block-text__text has-text-color\">Fondat\u0103 \u00een 2004, SKYLOTEC Rom\u00e2nia este specializat\u0103 \u00een anodizare avansat\u0103, oferind o gam\u0103 de op\u021biuni de la 2 la 50 microni pentru finisaje de protec\u021bie \u0219i oxidare dur\u0103. Avem experien\u021b\u0103 \u00een special cu aliaje de \u00eenalt\u0103 performan\u021b\u0103, cum ar fi seria 70. Cu 100 de angaja\u021bi, suntem lideri \u00een anodizare, asamblare de dispozitive, nituire \u0219i coasere de produse textile tehnice.<br><span style=\"color: var(--theme-palette-color-3, #575756);\" class=\"stk-highlight\"><br>Procesele noastre de produc\u021bie sunt ecologice, incluz\u00e2nd purificarea apei \u0219i sp\u0103larea gazelor de ardere acide \u00eenainte de eliberarea \u00een atmosfer\u0103. Un laborator chimic specializat la fa\u021ba locului efectueaz\u0103 controale zilnice riguroase pentru a<br>asigura cea mai \u00eenalt\u0103 calitate \u0219i respectarea consecvent\u0103 a normelor de mediu.<br>Ca parte a grupului SKYLOTEC din 2021, inov\u0103m continuu pentru a oferi produse<br>de nivel superior, cu accent pe durabilitate \u0219i performan\u021b\u0103.<\/span><\/p><\/div>\n<\/div><\/div><\/div>\n\n\n\n<div class=\"wp-block-stackable-column stk-block-column stk-column stk-block stk-258ee5e stk-block-background stk--has-background-overlay\" data-v=\"4\" data-block-id=\"258ee5e\"><style>.stk-258ee5e-container{margin-top:0px !important;margin-right:0px !important;margin-bottom:0px !important;margin-left:0px !important;}.stk-258ee5e {background-image:url(https:\/\/www.skylotec-oem.com\/wp-content\/uploads\/2024\/10\/production_site_romania.jpg) !important;background-repeat:no-repeat !important;background-size:cover !important;min-height:800px !important;padding-top:0px !important;padding-right:0px !important;padding-bottom:0px !important;padding-left:0px !important;}@media screen and (min-width: 768px){.stk-258ee5e {flex:var(--stk-flex-grow, 1) 1 calc(50% - var(--stk-column-gap, 0px) * 1 \/ 2 ) !important;}}@media screen and (max-width: 767px){.stk-258ee5e {min-height:370px !important;}}<\/style><div class=\"stk-column-wrapper stk-block-column__content stk-container stk-258ee5e-container stk--no-background stk--no-padding\"><div class=\"stk-block-content stk-inner-blocks stk-258ee5e-inner-blocks\">\n<div class=\"wp-block-stackable-spacer stk-block-spacer stk--no-padding stk-block stk-8827bfb\" data-block-id=\"8827bfb\"><style>@media screen and (max-width: 767px){.stk-8827bfb {height:370px !important;}}<\/style><\/div>\n<\/div><\/div><\/div>\n<\/div><\/div>\n\n\n\n<div class=\"wp-block-stackable-columns alignfull stk-block-columns stk-block stk-e41c58d stk-block-background\" data-block-id=\"e41c58d\"><style>.stk-e41c58d .stk--block-align-e41c58d{align-items:center !important;}.stk-e41c58d {background-color:var(--theme-palette-color-3, #575756) !important;padding-top:150px !important;padding-bottom:150px !important;margin-bottom:0px !important;}.stk-e41c58d:before{background-color:var(--theme-palette-color-3, #575756) !important;}.stk-e41c58d-column{--stk-column-gap:35px !important;}@media screen and (max-width: 1023px){.stk-e41c58d {padding-top:100px !important;padding-bottom:100px !important;}}<\/style><div class=\"stk-row stk-inner-blocks stk--block-align-e41c58d stk-block-content stk-content-align stk-e41c58d-column\">\n<div class=\"wp-block-stackable-column stk-block-column stk-column stk-block stk-c0780b7\" data-v=\"4\" data-block-id=\"c0780b7\"><style>.stk-c0780b7-container{margin-top:0px !important;margin-right:0px !important;margin-bottom:0px !important;margin-left:0px !important;}.stk-c0780b7 {align-self:flex-start !important;}.stk-c0780b7-inner-blocks{justify-content:flex-start !important;}@media screen and (min-width: 768px) and (max-width: 1023px){.stk-c0780b7 {flex:var(--stk-flex-grow, 1) 1 calc(100% - var(--stk-column-gap, 0px) * 0 \/ 1 ) !important;}}<\/style><div class=\"stk-column-wrapper stk-block-column__content stk-container stk-c0780b7-container stk--no-background stk--no-padding\"><div class=\"stk--column-flex stk-block-content stk-inner-blocks stk-c0780b7-inner-blocks\">\n<div class=\"wp-block-stackable-text stk-block-text stk-block stk-5e02fd5\" data-block-id=\"5e02fd5\"><style>.stk-5e02fd5 {align-items:flex-start !important;margin-bottom:10px !important;display:flex !important;}.stk-5e02fd5 .stk-block-text__text{color:var(--theme-palette-color-5, #edeff2) !important;}<\/style><p class=\"stk-block-text__text has-text-color has-palette-color-5-color has-text-align-center-mobile\"><strong>Interesat?<\/strong><\/p><\/div>\n\n\n\n<div class=\"wp-block-stackable-divider stk-block-divider stk--hide-mobile has-text-align-left stk-block stk-1f6c11d is-style-bar\" data-block-id=\"1f6c11d\"><style>.stk-1f6c11d hr.stk-block-divider__hr{background:var(--theme-palette-color-1, #ffcd05) !important;border-radius:calc(4px \/ 2) !important;height:4px !important;width:17% !important;}.stk-1f6c11d {margin-bottom:15px !important;}<\/style><hr class=\"stk-block-divider__hr\"\/><\/div>\n\n\n\n<div class=\"wp-block-stackable-heading stk-block-heading stk-block-heading--v2 stk-block stk-2af4c44\" id=\"strong-solicita\u021bi-o-oferta-strong\" data-block-id=\"2af4c44\"><style>.stk-2af4c44 {margin-bottom:20px !important;}.stk-2af4c44 .stk-block-heading__text{font-size:50px !important;color:var(--theme-palette-color-8, #ffffff) !important;line-height:1.2em !important;font-family:\"ct_font_square_721__cn_b_t__cyrillic\", Sans-serif !important;}@media screen and (max-width: 1023px){.stk-2af4c44 .stk-block-heading__text{font-size:40px !important;}}<\/style><h2 class=\"stk-block-heading__text has-text-color has-palette-color-8-color has-text-align-center-mobile\"><strong>SOLICITA\u021aI O OFERT\u0102<\/strong><\/h2><\/div>\n\n\n\n<div class=\"wp-block-stackable-text stk-block-text stk-block stk-7a375e6\" data-block-id=\"7a375e6\"><style>.stk-7a375e6 {margin-bottom:40px !important;}.stk-7a375e6 .stk-block-text__text{color:var(--theme-palette-color-5, #edeff2) !important;font-family:\"ct_font_square_721__cn_b_t__cyrillic\", Sans-serif !important;}<\/style><p class=\"stk-block-text__text has-text-color has-palette-color-5-color has-text-align-center-mobile\">Pentru \u00eentreb\u0103ri sau cereri personalizate, v\u0103 rug\u0103m s\u0103 ne contacta\u021bi. Echipa noastr\u0103 este preg\u0103tit\u0103 s\u0103 v\u0103 ajute prompt, respect\u00e2nd confiden\u021bialitatea dvs. \u0219i reglement\u0103rile privind protec\u021bia datelor \u00een conformitate cu Regulamentul UE 2016\/679.<\/p><\/div>\n<\/div><\/div><\/div>\n\n\n\n<div class=\"wp-block-stackable-column stk-block-column stk-column stk-block stk-fd07518\" data-v=\"4\" data-block-id=\"fd07518\"><style>.stk-fd07518-container{margin-top:0px !important;margin-right:0px !important;margin-bottom:0px !important;margin-left:0px !important;}@media screen and (min-width: 768px) and (max-width: 1023px){.stk-fd07518 {flex:var(--stk-flex-grow, 1) 1 calc(50% - var(--stk-column-gap, 0px) * 0 \/ 1 ) !important;}}<\/style><div class=\"stk-column-wrapper stk-block-column__content stk-container stk-fd07518-container stk--no-background stk--no-padding\"><div class=\"stk-block-content stk-inner-blocks stk-fd07518-inner-blocks\">\n\n<div class=\"wpcf7 no-js\" id=\"wpcf7-f1979-o1\" lang=\"en-US\" dir=\"ltr\">\n<div class=\"screen-reader-response\"><p role=\"status\" aria-live=\"polite\" aria-atomic=\"true\"><\/p> <ul><\/ul><\/div>\n<form action=\"\/ro\/wp-json\/wp\/v2\/pages\/1973#wpcf7-f1979-o1\" method=\"post\" class=\"wpcf7-form init\" aria-label=\"Contact form\" novalidate=\"novalidate\" data-status=\"init\">\n<div style=\"display: none;\">\n<input type=\"hidden\" name=\"_wpcf7\" value=\"1979\" \/>\n<input type=\"hidden\" name=\"_wpcf7_version\" value=\"5.9.8\" \/>\n<input type=\"hidden\" name=\"_wpcf7_locale\" value=\"en_US\" \/>\n<input type=\"hidden\" name=\"_wpcf7_unit_tag\" value=\"wpcf7-f1979-o1\" \/>\n<input type=\"hidden\" name=\"_wpcf7_container_post\" value=\"0\" \/>\n<input type=\"hidden\" name=\"_wpcf7_posted_data_hash\" value=\"\" \/>\n<\/div>\n<p><label><strong>Pentru ce serviciu dori\u021bi s\u0103 solicita\u021bi informa\u021bii? *<\/strong><br \/>\n<span class=\"wpcf7-form-control-wrap\" data-name=\"Service\"><select class=\"wpcf7-form-control wpcf7-select wpcf7-validates-as-required\" aria-required=\"true\" aria-invalid=\"false\" name=\"Service\"><option value=\"Anodizare\">Anodizare<\/option><option value=\"Prelucrare Metalelor\">Prelucrare Metalelor<\/option><option value=\"Ambele\">Ambele<\/option><\/select><\/span><\/label>\n<\/p>\n<p><label><strong>Salutul *<\/strong><br \/>\n<span class=\"wpcf7-form-control-wrap\" data-name=\"Salutation\"><select class=\"wpcf7-form-control wpcf7-select wpcf7-validates-as-required\" aria-required=\"true\" aria-invalid=\"false\" name=\"Salutation\"><option value=\"Di.\">Di.<\/option><option value=\"Dna\/Doamna.\">Dna\/Doamna.<\/option><\/select><\/span><\/label>\n<\/p>\n<p><label><strong>Nume \u0219i prenume *<\/strong><br \/>\n<span class=\"wpcf7-form-control-wrap\" data-name=\"Fullname\"><input size=\"40\" maxlength=\"400\" class=\"wpcf7-form-control wpcf7-text wpcf7-validates-as-required\" aria-required=\"true\" aria-invalid=\"false\" placeholder=\"Nume \u0219i prenume\" value=\"\" type=\"text\" name=\"Fullname\" \/><\/span><\/label>\n<\/p>\n<p><label><strong>Adresa de e-mail *<\/strong><br \/>\n<span class=\"wpcf7-form-control-wrap\" data-name=\"E-Mail\"><input size=\"40\" maxlength=\"400\" class=\"wpcf7-form-control wpcf7-email wpcf7-validates-as-required wpcf7-text wpcf7-validates-as-email\" aria-required=\"true\" aria-invalid=\"false\" placeholder=\"Adresa de e-mail\" value=\"\" type=\"email\" name=\"E-Mail\" \/><\/span><\/label>\n<\/p>\n<p><label><strong> Mesajul dumneavoastr\u0103 *<\/strong><br \/>\n<span class=\"wpcf7-form-control-wrap\" data-name=\"your-message\"><textarea cols=\"40\" rows=\"10\" maxlength=\"2000\" class=\"wpcf7-form-control wpcf7-textarea wpcf7-validates-as-required\" aria-required=\"true\" aria-invalid=\"false\" name=\"your-message\"><\/textarea><\/span> <\/label>\n<\/p>\n<p><span id=\"wpcf7-69fb40ecd2f61-wrapper\" class=\"wpcf7-form-control-wrap honeypot-264-wrap\" style=\"display:none !important; visibility:hidden !important;\"><label for=\"wpcf7-69fb40ecd2f61-field\" class=\"hp-message\">Please leave this field empty.<\/label><input id=\"wpcf7-69fb40ecd2f61-field\"  class=\"wpcf7-form-control wpcf7-text\" type=\"text\" name=\"honeypot-264\" value=\"\" size=\"40\" tabindex=\"-1\" autocomplete=\"new-password\" \/><\/span>\n<\/p>\n<p><span class=\"wpcf7-form-control-wrap\" data-name=\"acceptance-272\"><span class=\"wpcf7-form-control wpcf7-acceptance\"><span class=\"wpcf7-list-item\"><label><input type=\"checkbox\" name=\"acceptance-272\" value=\"1\" aria-invalid=\"false\" \/><span class=\"wpcf7-list-item-label\">Eu accept <a href=\"https:\/\/www.skylotec-oem.com\/privacy-policy-2\/\">Politica de confiden\u021bialitate<\/a>*<\/span><\/label><\/span><\/span><\/span>\n<\/p>\n<p><span class=\"wpcf7-form-control-wrap\" data-name=\"Newsletter_Accept\"><span class=\"wpcf7-form-control wpcf7-checkbox\"><span class=\"wpcf7-list-item first last\"><input type=\"checkbox\" name=\"Newsletter_Accept[]\" value=\"Autorizez SKYLOTEC s\u0103 utilizeze datele mele introduse pentru comunic\u0103ri promo\u021bionale, cum ar fi buletine informative, coresponden\u021b\u0103 intern\u0103 etc. \u0219i am citit \u0219i acceptat declara\u021bia de confiden\u021bialitate privind utilizarea datelor mele personale. Consim\u021b\u0103m\u00e2ntul poate fi revocat \u00een orice moment.\" \/><span class=\"wpcf7-list-item-label\">Autorizez SKYLOTEC s\u0103 utilizeze datele mele introduse pentru comunic\u0103ri promo\u021bionale, cum ar fi buletine informative, coresponden\u021b\u0103 intern\u0103 etc. \u0219i am citit \u0219i acceptat declara\u021bia de confiden\u021bialitate privind utilizarea datelor mele personale. Consim\u021b\u0103m\u00e2ntul poate fi revocat \u00een orice moment.<\/span><\/span><\/span><\/span>\n<\/p>\n<p><input class=\"wpcf7-form-control wpcf7-submit has-spinner\" type=\"submit\" value=\"Trimite\" \/>\n<\/p><div class=\"wpcf7-response-output\" aria-hidden=\"true\"><\/div>\n<\/form>\n<\/div>\n\n<\/div><\/div><\/div>\n<\/div><\/div>\n","protected":false},"excerpt":{"rendered":"<p>UNIT\u0102\u021aILE NOASTRE DE PRODUC\u021aIE MADE IN EUROPE, MADE BY US &#8211; Grupul include dou\u0103 unit\u0103\u021bi de produc\u021bie europene, lideri \u00een prelucrarea \u0219i finisarea metalelor.Misiunea noastr\u0103 este de a garanta o produc\u021bie realizat\u0103 \u00een \u00eentregime \u00een Europa, cu competen\u021be interne \u0219i furnizori europeni. ALUDESIGN ITALIA Fondat\u0103 \u00een 1986, ALUDESIGN este specializat\u0103 \u00een componente metalice de \u00eenalt\u0103 [&hellip;]<\/p>\n","protected":false},"author":4,"featured_media":0,"parent":0,"menu_order":0,"comment_status":"closed","ping_status":"closed","template":"","meta":{"footnotes":""},"class_list":["post-1973","page","type-page","status-publish","hentry"],"blocksy_meta":[],"aioseo_notices":[],"_links":{"self":[{"href":"https:\/\/www.skylotec-oem.com\/ro\/wp-json\/wp\/v2\/pages\/1973"}],"collection":[{"href":"https:\/\/www.skylotec-oem.com\/ro\/wp-json\/wp\/v2\/pages"}],"about":[{"href":"https:\/\/www.skylotec-oem.com\/ro\/wp-json\/wp\/v2\/types\/page"}],"author":[{"embeddable":true,"href":"https:\/\/www.skylotec-oem.com\/ro\/wp-json\/wp\/v2\/users\/4"}],"replies":[{"embeddable":true,"href":"https:\/\/www.skylotec-oem.com\/ro\/wp-json\/wp\/v2\/comments?post=1973"}],"version-history":[{"count":0,"href":"https:\/\/www.skylotec-oem.com\/ro\/wp-json\/wp\/v2\/pages\/1973\/revisions"}],"wp:attachment":[{"href":"https:\/\/www.skylotec-oem.com\/ro\/wp-json\/wp\/v2\/media?parent=1973"}],"curies":[{"name":"wp","href":"https:\/\/api.w.org\/{rel}","templated":true}]}}