{"id":1974,"date":"2022-02-20T05:44:47","date_gmt":"2022-02-20T05:44:47","guid":{"rendered":"https:\/\/www.skylotec-oem.com\/?page_id=1974"},"modified":"2026-02-10T07:26:38","modified_gmt":"2026-02-10T07:26:38","slug":"contact","status":"publish","type":"page","link":"https:\/\/www.skylotec-oem.com\/ro\/contact\/","title":{"rendered":"CONTACT"},"content":{"rendered":"\n<div class=\"wp-block-stackable-columns alignfull stk-block-columns stk-block stk-6b0a1b3 stk-block-background stk--has-background-overlay\" data-block-id=\"6b0a1b3\"><style>.stk-6b0a1b3 {background-image:url(http:\/\/www.skylotec-oem.com\/wp-content\/uploads\/2024\/09\/team_romania_italy.jpg) !important;background-repeat:no-repeat !important;background-size:cover !important;box-shadow:none !important;min-height:50vh !important;padding-top:250px !important;padding-bottom:150px !important;margin-bottom:0px !important;}.stk-6b0a1b3:before{background-color:#000000 !important;opacity:0.5 !important;}@media screen and (max-width: 1023px){.stk-6b0a1b3 {padding-top:200px !important;padding-bottom:250px !important;}}@media screen and (max-width: 767px){.stk-6b0a1b3 {min-height:600px !important;padding-top:100px !important;padding-bottom:50px !important;}}<\/style><div class=\"stk-row stk-inner-blocks has-text-align-center stk-block-content stk-content-align stk-6b0a1b3-column\">\n<div class=\"wp-block-stackable-column stk-block-column stk-column stk-block stk-31728eb\" data-v=\"4\" data-block-id=\"31728eb\"><div class=\"stk-column-wrapper stk-block-column__content stk-container stk-31728eb-container stk--no-background stk--no-padding\"><div class=\"stk-block-content stk-inner-blocks stk-31728eb-inner-blocks\">\n<div class=\"wp-block-stackable-heading stk-block-heading stk-block-heading--v2 stk-block stk-0846fda\" id=\"pr\" data-block-id=\"0846fda\"><style>.stk-0846fda {margin-bottom:16px !important;}.stk-0846fda .stk-block-heading__text{font-size:60px !important;color:var(--theme-palette-color-8, #ffffff) !important;line-height:1.25em !important;font-weight:bold !important;font-style:normal !important;font-family:\"ct_font_square_721__cn_b_t__cyrillic\", Sans-serif !important;}@media screen and (max-width: 1023px){.stk-0846fda .stk-block-heading__text{font-size:50px !important;}}<\/style><h2 class=\"stk-block-heading__text has-text-color has-palette-color-8-color\"><strong>LUA\u021aI LEG\u0102TURA CU NOI<\/strong><\/h2><\/div>\n\n\n\n<div class=\"wp-block-stackable-text stk-block-text stk-block stk-bd90787\" data-block-id=\"bd90787\"><style>.stk-bd90787 {max-width:1000px !important;min-width:auto !important;margin-right:auto !important;margin-bottom:60px !important;margin-left:auto !important;}.stk-bd90787 .stk-block-text__text{font-size:20px !important;color:var(--theme-palette-color-8, #ffffff) !important;font-weight:normal !important;font-family:\"ct_font_square_721__cn_b_t__cyrillic\", Sans-serif !important;}@media screen and (max-width: 1023px){.stk-bd90787 .stk-block-text__text{font-size:20px !important;}}<\/style><p class=\"stk-block-text__text has-text-color has-palette-color-8-color\">V\u0103 rug\u0103m s\u0103 ne contacta\u021bi pentru informa\u021bii suplimentare, consiliere sau vizite la facilit\u0103\u021bile noastre.<\/p><\/div>\n<\/div><\/div><\/div>\n<\/div><\/div>\n\n\n\n<div class=\"wp-block-stackable-text stk-block-text stk-block stk-8e78d5e\" data-block-id=\"8e78d5e\"><style>.stk-8e78d5e {margin-bottom:0px !important;}<\/style><p class=\"stk-block-text__text has-text-align-center\">Lorem ipsum dolor sit amet<\/p><\/div>\n\n\n\n<div class=\"wp-block-stackable-spacer stk-block-spacer stk--no-padding stk-block stk-54e71a5\" data-block-id=\"54e71a5\"><style>.stk-54e71a5 {height:70px !important;}@media screen and (max-width: 1023px){.stk-54e71a5 {height:50px !important;}}<\/style><\/div>\n\n\n\n<div class=\"wp-block-stackable-columns stk-block-columns stk-block stk-a5bc981\" data-block-id=\"a5bc981\"><style>.stk-a5bc981 {margin-bottom:0px !important;}.stk-a5bc981-column{max-width:849px !important;min-width:auto !important;--stk-column-gap:35px !important;row-gap:50px !important;}<\/style><div class=\"stk-row stk-inner-blocks stk-block-content stk-content-align stk-a5bc981-column\">\n<div class=\"wp-block-stackable-column stk-block-column stk-column stk-block stk-5dedb98 stk-block-background\" data-v=\"4\" data-block-id=\"5dedb98\"><style>.stk-5dedb98-container{margin-top:0px !important;margin-right:0px !important;margin-bottom:0px !important;margin-left:0px !important;}.stk-5dedb98 {background-color:var(--theme-palette-color-8, #ffffff) !important;border-radius:12px !important;overflow:hidden !important;box-shadow:0px 20px 80px 0px #6872791a !important;padding-top:35px !important;padding-right:35px !important;padding-bottom:50px !important;padding-left:35px !important;}.stk-5dedb98:before{background-color:var(--theme-palette-color-8, #ffffff) !important;}@media screen and (max-width: 1023px){.stk-5dedb98 {padding-top:35px !important;padding-right:35px !important;padding-bottom:35px !important;padding-left:35px !important;}}<\/style><div class=\"stk-column-wrapper stk-block-column__content stk-container stk-5dedb98-container stk--no-background stk--no-padding\"><div class=\"has-text-align-center stk-block-content stk-inner-blocks stk-5dedb98-inner-blocks\">\n<div class=\"wp-block-stackable-image stk-block-image stk-block stk-28cdfb0\" data-block-id=\"28cdfb0\"><figure><span class=\"stk-img-wrapper stk-image--shape-stretch\"><img loading=\"lazy\" decoding=\"async\" class=\"stk-img wp-image-2019\" src=\"http:\/\/www.skylotec-oem.com\/wp-content\/uploads\/2026\/02\/contact_david_natali_.jpg\" width=\"300\" height=\"350\" srcset=\"https:\/\/www.skylotec-oem.com\/wp-content\/uploads\/2026\/02\/contact_david_natali_.jpg 300w, https:\/\/www.skylotec-oem.com\/wp-content\/uploads\/2026\/02\/contact_david_natali_-257x300.jpg 257w\" sizes=\"(max-width: 300px) 100vw, 300px\" \/><\/span><\/figure><\/div>\n\n\n\n<div class=\"wp-block-stackable-heading stk-block-heading stk-block-heading--v2 stk-block stk-583731d\" id=\"david-natali\" data-block-id=\"583731d\"><style>.stk-583731d {margin-bottom:5px !important;}.stk-583731d .stk-block-heading__text{font-family:\"ct_font_square_721__cn_b_t__cyrillic\", Sans-serif !important;}<\/style><h5 class=\"stk-block-heading__text\">David Natali<\/h5><\/div>\n\n\n\n<div class=\"wp-block-stackable-text stk-block-text stk-block stk-3eab785\" data-block-id=\"3eab785\"><style>.stk-3eab785 {margin-bottom:51px !important;}.stk-3eab785 .stk-block-text__text{font-size:17px !important;font-family:\"ct_font_square_721__cn_b_t__cyrillic\", Sans-serif !important;}@media screen and (max-width: 1023px){.stk-3eab785 .stk-block-text__text{font-size:17px !important;}}<\/style><p class=\"stk-block-text__text\"><span style=\"color: var(--theme-palette-color-4, #282827);\" class=\"stk-highlight\">V\u00e2nz\u0103r iOEM si director general ALUDESIGN<\/span><\/p><\/div>\n\n\n\n<div class=\"wp-block-stackable-text stk-block-text stk-block stk-ff84028\" data-block-id=\"ff84028\"><style>.stk-ff84028 .stk-block-text__text{font-size:18px !important;color:var(--theme-palette-color-3, #575756) !important;font-family:\"ct_font_square_721__cn_b_t__cyrillic\", Sans-serif !important;}@media screen and (max-width: 1023px){.stk-ff84028 .stk-block-text__text{font-size:18px !important;}}<\/style><p class=\"stk-block-text__text has-text-color\">Mobile:<br>+39-366-9351982<br>Phone:<br>+39-035-783595<br>E-Mail:<br><a href=\"mailto:rlosa@aludesign.it\" title=\"\">dnatali@aludesign.it<\/a><span style=\"color: rgb(0, 0, 0); font-size: medium; text-align: start; white-space-collapse: collapse;\"><\/span><\/p><\/div>\n\n\n\n<p class=\"has-text-align-center\">3-4567<br>1-800-123-4567<\/p>\n<\/div><\/div><\/div>\n\n\n\n<div class=\"wp-block-stackable-column stk-block-column stk-column stk-block stk-92b5a22 stk-block-background\" data-v=\"4\" data-block-id=\"92b5a22\"><style>.stk-92b5a22-container{margin-top:0px !important;margin-right:0px !important;margin-bottom:0px !important;margin-left:0px !important;}.stk-92b5a22 {background-color:var(--theme-palette-color-8, #ffffff) !important;border-radius:12px !important;overflow:hidden !important;box-shadow:0px 20px 80px 0px #6872791a !important;padding-top:35px !important;padding-right:35px !important;padding-bottom:50px !important;padding-left:35px !important;}.stk-92b5a22:before{background-color:var(--theme-palette-color-8, #ffffff) !important;}@media screen and (max-width: 1023px){.stk-92b5a22 {padding-top:35px !important;padding-right:35px !important;padding-bottom:35px !important;padding-left:35px !important;}}<\/style><div class=\"stk-column-wrapper stk-block-column__content stk-container stk-92b5a22-container stk--no-background stk--no-padding\"><div class=\"has-text-align-center stk-block-content stk-inner-blocks stk-92b5a22-inner-blocks\">\n<div class=\"wp-block-stackable-image stk-block-image stk-block stk-bf92967\" data-block-id=\"bf92967\"><figure><span class=\"stk-img-wrapper stk-image--shape-stretch\"><img loading=\"lazy\" decoding=\"async\" class=\"stk-img wp-image-1848\" src=\"https:\/\/www.skylotec-oem.com\/wp-content\/uploads\/2024\/09\/contact_cosmin_munteanu.jpg\" width=\"300\" height=\"350\" srcset=\"https:\/\/www.skylotec-oem.com\/wp-content\/uploads\/2024\/09\/contact_cosmin_munteanu.jpg 300w, https:\/\/www.skylotec-oem.com\/wp-content\/uploads\/2024\/09\/contact_cosmin_munteanu-257x300.jpg 257w\" sizes=\"(max-width: 300px) 100vw, 300px\" \/><\/span><\/figure><\/div>\n\n\n\n<div class=\"wp-block-stackable-heading stk-block-heading stk-block-heading--v2 stk-block stk-9334345\" id=\"strong-cosmin-munteanu-strong\" data-block-id=\"9334345\"><style>.stk-9334345 {margin-bottom:5px !important;}.stk-9334345 .stk-block-heading__text{font-family:\"ct_font_square_721__cn_b_t__cyrillic\", Sans-serif !important;}<\/style><h5 class=\"stk-block-heading__text\"><strong>Cosmin Munteanu<\/strong><\/h5><\/div>\n\n\n\n<div class=\"wp-block-stackable-text stk-block-text stk-block stk-0f85b42\" data-block-id=\"0f85b42\"><style>.stk-0f85b42 .stk-block-text__text{font-size:17px !important;color:var(--theme-palette-color-4, #282827) !important;font-family:\"ct_font_square_721__cn_b_t__cyrillic\", Sans-serif !important;}@media screen and (max-width: 1023px){.stk-0f85b42 .stk-block-text__text{font-size:17px !important;}}<\/style><p class=\"stk-block-text__text has-text-color\">Servicii de Anodizare \u0219i Director General<br>SKYLOTEC Rom\u00e2nia<\/p><\/div>\n\n\n\n<div class=\"wp-block-stackable-text stk-block-text stk-block stk-4b083f8\" data-block-id=\"4b083f8\"><style>.stk-4b083f8 .stk-block-text__text{font-size:18px !important;color:var(--theme-palette-color-3, #575756) !important;font-family:\"ct_font_square_721__cn_b_t__cyrillic\", Sans-serif !important;}@media screen and (max-width: 1023px){.stk-4b083f8 .stk-block-text__text{font-size:18px !important;}}<\/style><p class=\"stk-block-text__text has-text-color\">Mobile:<br>+40-(0)354-808640<br>Phone:<br>+40-756-150954<br>E-Mail:<br><a href=\"mailto:cosmin.munteanu@skylotec.com\" title=\"\">cosmin.munteanu@skylotec.com<\/a><\/p><\/div>\n\n\n\n<p><\/p>\n\n\n\n<p><\/p>\n\n\n\n<p class=\"has-text-align-center\">kend: 10am &#8211; 5pm<\/p>\n<\/div><\/div><\/div>\n<\/div><\/div>\n\n\n\n<div class=\"wp-block-stackable-spacer stk-block-spacer stk--no-padding stk-block stk-6a8268d\" data-block-id=\"6a8268d\"><style>.stk-6a8268d {height:130px !important;}@media screen and (max-width: 1023px){.stk-6a8268d {height:80px !important;}}<\/style><\/div>\n\n\n\n<div class=\"wp-block-stackable-columns alignfull stk-block-columns stk-block stk-51483c5 stk-block-background\" data-block-id=\"51483c5\"><style>.stk-51483c5 .stk--block-align-51483c5{align-items:center !important;}.stk-51483c5 {background-color:var(--theme-palette-color-3, #575756) !important;padding-top:150px !important;padding-bottom:150px !important;margin-bottom:0px !important;}.stk-51483c5:before{background-color:var(--theme-palette-color-3, #575756) !important;}.stk-51483c5-column{--stk-column-gap:35px !important;}@media screen and (max-width: 1023px){.stk-51483c5 {padding-top:100px !important;padding-bottom:100px !important;}}<\/style><div class=\"stk-row stk-inner-blocks stk--block-align-51483c5 stk-block-content stk-content-align stk-51483c5-column\">\n<div class=\"wp-block-stackable-column stk-block-column stk-column stk-block stk-6cfc4a8\" data-v=\"4\" data-block-id=\"6cfc4a8\"><style>.stk-6cfc4a8-container{margin-top:0px !important;margin-right:0px !important;margin-bottom:0px !important;margin-left:0px !important;}.stk-6cfc4a8 {align-self:flex-start !important;align-items:flex-start !important;display:flex !important;}.stk-6cfc4a8-inner-blocks{justify-content:flex-start !important;}@media screen and (min-width: 768px) and (max-width: 1023px){.stk-6cfc4a8 {flex:var(--stk-flex-grow, 1) 1 calc(100% - var(--stk-column-gap, 0px) * 0 \/ 1 ) !important;}}<\/style><div class=\"stk-column-wrapper stk-block-column__content stk-container stk-6cfc4a8-container stk--no-background stk--no-padding\"><div class=\"stk--column-flex stk-block-content stk-inner-blocks stk-6cfc4a8-inner-blocks\">\n<div class=\"wp-block-stackable-text stk-block-text stk-block stk-488d65e\" data-block-id=\"488d65e\"><style>.stk-488d65e {align-items:flex-start !important;margin-bottom:10px !important;display:flex !important;}.stk-488d65e .stk-block-text__text{color:var(--theme-palette-color-5, #edeff2) !important;font-family:\"ct_font_square_721__cn_b_t__cyrillic\", Sans-serif !important;}<\/style><p class=\"stk-block-text__text has-text-color has-palette-color-5-color has-text-align-center-mobile\"><strong>Interesat?<\/strong><\/p><\/div>\n\n\n\n<div class=\"wp-block-stackable-divider stk-block-divider stk--hide-mobile has-text-align-left stk-block stk-dcead3d is-style-bar\" data-block-id=\"dcead3d\"><style>.stk-dcead3d hr.stk-block-divider__hr{background:var(--theme-palette-color-1, #ffcd05) !important;border-radius:calc(4px \/ 2) !important;height:4px !important;width:17% !important;}.stk-dcead3d {margin-bottom:15px !important;}<\/style><hr class=\"stk-block-divider__hr\"\/><\/div>\n\n\n\n<div class=\"wp-block-stackable-heading stk-block-heading stk-block-heading--v2 stk-block stk-954caba\" id=\"strong-strong-solicita\u021bi-o-oferta-strong-strong\" data-block-id=\"954caba\"><style>.stk-954caba {margin-bottom:20px !important;}.stk-954caba .stk-block-heading__text{font-size:50px !important;color:var(--theme-palette-color-8, #ffffff) !important;line-height:1.2em !important;font-family:\"ct_font_square_721__cn_b_t__cyrillic\", Sans-serif !important;}@media screen and (max-width: 1023px){.stk-954caba .stk-block-heading__text{font-size:40px !important;}}<\/style><h2 class=\"stk-block-heading__text has-text-color has-palette-color-8-color has-text-align-center-mobile\"><strong><strong>SOLICITA\u021aI O OFERT\u0102<\/strong><\/strong><\/h2><\/div>\n\n\n\n<div class=\"wp-block-stackable-text stk-block-text stk-block stk-35e8da2\" data-block-id=\"35e8da2\"><style>.stk-35e8da2 {margin-bottom:40px !important;}.stk-35e8da2 .stk-block-text__text{color:var(--theme-palette-color-5, #edeff2) !important;font-family:\"ct_font_square_721__cn_b_t__cyrillic\", Sans-serif !important;}<\/style><p class=\"stk-block-text__text has-text-color has-palette-color-5-color has-text-align-center-mobile\">Pentru \u00eentreb\u0103ri sau cereri personalizate, v\u0103 rug\u0103m s\u0103 ne contacta\u021bi. Echipa noastr\u0103 este preg\u0103tit\u0103 s\u0103 v\u0103 ajute prompt, respect\u00e2nd confiden\u021bialitatea dvs. \u0219i reglement\u0103rile privind protec\u021bia datelor \u00een conformitate cu Regulamentul UE 2016\/679.<\/p><\/div>\n<\/div><\/div><\/div>\n\n\n\n<div class=\"wp-block-stackable-column stk-block-column stk-column stk-block stk-54ec8b1\" data-v=\"4\" data-block-id=\"54ec8b1\"><style>.stk-54ec8b1-container{margin-top:0px !important;margin-right:0px !important;margin-bottom:0px !important;margin-left:0px !important;}@media screen and (min-width: 768px) and (max-width: 1023px){.stk-54ec8b1 {flex:var(--stk-flex-grow, 1) 1 calc(50% - var(--stk-column-gap, 0px) * 0 \/ 1 ) !important;}}<\/style><div class=\"stk-column-wrapper stk-block-column__content stk-container stk-54ec8b1-container stk--no-background stk--no-padding\"><div class=\"stk-block-content stk-inner-blocks stk-54ec8b1-inner-blocks\">\n\n<div class=\"wpcf7 no-js\" id=\"wpcf7-f1979-o1\" lang=\"en-US\" dir=\"ltr\">\n<div class=\"screen-reader-response\"><p role=\"status\" aria-live=\"polite\" aria-atomic=\"true\"><\/p> <ul><\/ul><\/div>\n<form action=\"\/ro\/wp-json\/wp\/v2\/pages\/1974#wpcf7-f1979-o1\" method=\"post\" class=\"wpcf7-form init\" aria-label=\"Contact form\" novalidate=\"novalidate\" data-status=\"init\">\n<div style=\"display: none;\">\n<input type=\"hidden\" name=\"_wpcf7\" value=\"1979\" \/>\n<input type=\"hidden\" name=\"_wpcf7_version\" value=\"5.9.8\" \/>\n<input type=\"hidden\" name=\"_wpcf7_locale\" value=\"en_US\" \/>\n<input type=\"hidden\" name=\"_wpcf7_unit_tag\" value=\"wpcf7-f1979-o1\" \/>\n<input type=\"hidden\" name=\"_wpcf7_container_post\" value=\"0\" \/>\n<input type=\"hidden\" name=\"_wpcf7_posted_data_hash\" value=\"\" \/>\n<\/div>\n<p><label><strong>Pentru ce serviciu dori\u021bi s\u0103 solicita\u021bi informa\u021bii? *<\/strong><br \/>\n<span class=\"wpcf7-form-control-wrap\" data-name=\"Service\"><select class=\"wpcf7-form-control wpcf7-select wpcf7-validates-as-required\" aria-required=\"true\" aria-invalid=\"false\" name=\"Service\"><option value=\"Anodizare\">Anodizare<\/option><option value=\"Prelucrare Metalelor\">Prelucrare Metalelor<\/option><option value=\"Ambele\">Ambele<\/option><\/select><\/span><\/label>\n<\/p>\n<p><label><strong>Salutul *<\/strong><br \/>\n<span class=\"wpcf7-form-control-wrap\" data-name=\"Salutation\"><select class=\"wpcf7-form-control wpcf7-select wpcf7-validates-as-required\" aria-required=\"true\" aria-invalid=\"false\" name=\"Salutation\"><option value=\"Di.\">Di.<\/option><option value=\"Dna\/Doamna.\">Dna\/Doamna.<\/option><\/select><\/span><\/label>\n<\/p>\n<p><label><strong>Nume \u0219i prenume *<\/strong><br \/>\n<span class=\"wpcf7-form-control-wrap\" data-name=\"Fullname\"><input size=\"40\" maxlength=\"400\" class=\"wpcf7-form-control wpcf7-text wpcf7-validates-as-required\" aria-required=\"true\" aria-invalid=\"false\" placeholder=\"Nume \u0219i prenume\" value=\"\" type=\"text\" name=\"Fullname\" \/><\/span><\/label>\n<\/p>\n<p><label><strong>Adresa de e-mail *<\/strong><br \/>\n<span class=\"wpcf7-form-control-wrap\" data-name=\"E-Mail\"><input size=\"40\" maxlength=\"400\" class=\"wpcf7-form-control wpcf7-email wpcf7-validates-as-required wpcf7-text wpcf7-validates-as-email\" aria-required=\"true\" aria-invalid=\"false\" placeholder=\"Adresa de e-mail\" value=\"\" type=\"email\" name=\"E-Mail\" \/><\/span><\/label>\n<\/p>\n<p><label><strong> Mesajul dumneavoastr\u0103 *<\/strong><br \/>\n<span class=\"wpcf7-form-control-wrap\" data-name=\"your-message\"><textarea cols=\"40\" rows=\"10\" maxlength=\"2000\" class=\"wpcf7-form-control wpcf7-textarea wpcf7-validates-as-required\" aria-required=\"true\" aria-invalid=\"false\" name=\"your-message\"><\/textarea><\/span> <\/label>\n<\/p>\n<p><span id=\"wpcf7-69fb417131420-wrapper\" class=\"wpcf7-form-control-wrap honeypot-264-wrap\" style=\"display:none !important; visibility:hidden !important;\"><label for=\"wpcf7-69fb417131420-field\" class=\"hp-message\">Please leave this field empty.<\/label><input id=\"wpcf7-69fb417131420-field\"  class=\"wpcf7-form-control wpcf7-text\" type=\"text\" name=\"honeypot-264\" value=\"\" size=\"40\" tabindex=\"-1\" autocomplete=\"new-password\" \/><\/span>\n<\/p>\n<p><span class=\"wpcf7-form-control-wrap\" data-name=\"acceptance-272\"><span class=\"wpcf7-form-control wpcf7-acceptance\"><span class=\"wpcf7-list-item\"><label><input type=\"checkbox\" name=\"acceptance-272\" value=\"1\" aria-invalid=\"false\" \/><span class=\"wpcf7-list-item-label\">Eu accept <a href=\"https:\/\/www.skylotec-oem.com\/privacy-policy-2\/\">Politica de confiden\u021bialitate<\/a>*<\/span><\/label><\/span><\/span><\/span>\n<\/p>\n<p><span class=\"wpcf7-form-control-wrap\" data-name=\"Newsletter_Accept\"><span class=\"wpcf7-form-control wpcf7-checkbox\"><span class=\"wpcf7-list-item first last\"><input type=\"checkbox\" name=\"Newsletter_Accept[]\" value=\"Autorizez SKYLOTEC s\u0103 utilizeze datele mele introduse pentru comunic\u0103ri promo\u021bionale, cum ar fi buletine informative, coresponden\u021b\u0103 intern\u0103 etc. \u0219i am citit \u0219i acceptat declara\u021bia de confiden\u021bialitate privind utilizarea datelor mele personale. Consim\u021b\u0103m\u00e2ntul poate fi revocat \u00een orice moment.\" \/><span class=\"wpcf7-list-item-label\">Autorizez SKYLOTEC s\u0103 utilizeze datele mele introduse pentru comunic\u0103ri promo\u021bionale, cum ar fi buletine informative, coresponden\u021b\u0103 intern\u0103 etc. \u0219i am citit \u0219i acceptat declara\u021bia de confiden\u021bialitate privind utilizarea datelor mele personale. Consim\u021b\u0103m\u00e2ntul poate fi revocat \u00een orice moment.<\/span><\/span><\/span><\/span>\n<\/p>\n<p><input class=\"wpcf7-form-control wpcf7-submit has-spinner\" type=\"submit\" value=\"Trimite\" \/>\n<\/p><div class=\"wpcf7-response-output\" aria-hidden=\"true\"><\/div>\n<\/form>\n<\/div>\n\n<\/div><\/div><\/div>\n<\/div><\/div>\n","protected":false},"excerpt":{"rendered":"<p>LUA\u021aI LEG\u0102TURA CU NOI V\u0103 rug\u0103m s\u0103 ne contacta\u021bi pentru informa\u021bii suplimentare, consiliere sau vizite la facilit\u0103\u021bile noastre. Lorem ipsum dolor sit amet David Natali V\u00e2nz\u0103r iOEM si director general ALUDESIGN Mobile:+39-366-9351982Phone:+39-035-783595E-Mail:dnatali@aludesign.it 3-45671-800-123-4567 Cosmin Munteanu Servicii de Anodizare \u0219i Director GeneralSKYLOTEC Rom\u00e2nia Mobile:+40-(0)354-808640Phone:+40-756-150954E-Mail:cosmin.munteanu@skylotec.com kend: 10am &#8211; 5pm Interesat? SOLICITA\u021aI O OFERT\u0102 Pentru \u00eentreb\u0103ri sau cereri [&hellip;]<\/p>\n","protected":false},"author":4,"featured_media":1689,"parent":0,"menu_order":0,"comment_status":"closed","ping_status":"closed","template":"","meta":{"footnotes":""},"class_list":["post-1974","page","type-page","status-publish","has-post-thumbnail","hentry"],"blocksy_meta":{"styles_descriptor":{"styles":{"desktop":"","tablet":"","mobile":""},"google_fonts":[],"version":6}},"aioseo_notices":[],"_links":{"self":[{"href":"https:\/\/www.skylotec-oem.com\/ro\/wp-json\/wp\/v2\/pages\/1974"}],"collection":[{"href":"https:\/\/www.skylotec-oem.com\/ro\/wp-json\/wp\/v2\/pages"}],"about":[{"href":"https:\/\/www.skylotec-oem.com\/ro\/wp-json\/wp\/v2\/types\/page"}],"author":[{"embeddable":true,"href":"https:\/\/www.skylotec-oem.com\/ro\/wp-json\/wp\/v2\/users\/4"}],"replies":[{"embeddable":true,"href":"https:\/\/www.skylotec-oem.com\/ro\/wp-json\/wp\/v2\/comments?post=1974"}],"version-history":[{"count":0,"href":"https:\/\/www.skylotec-oem.com\/ro\/wp-json\/wp\/v2\/pages\/1974\/revisions"}],"wp:featuredmedia":[{"embeddable":true,"href":"https:\/\/www.skylotec-oem.com\/ro\/wp-json\/wp\/v2\/media\/1689"}],"wp:attachment":[{"href":"https:\/\/www.skylotec-oem.com\/ro\/wp-json\/wp\/v2\/media?parent=1974"}],"curies":[{"name":"wp","href":"https:\/\/api.w.org\/{rel}","templated":true}]}}