{"id":1980,"date":"2024-10-02T08:43:50","date_gmt":"2024-10-02T08:43:50","guid":{"rendered":"https:\/\/www.skylotec-oem.com\/?page_id=1980"},"modified":"2024-10-15T11:09:23","modified_gmt":"2024-10-15T11:09:23","slug":"politica-cookies","status":"publish","type":"page","link":"https:\/\/www.skylotec-oem.com\/ro\/politica-cookies\/","title":{"rendered":"POLITICA COOKIES"},"content":{"rendered":"\n<div class=\"wp-block-stackable-columns alignfull stk-block-columns stk-block stk-6b0a1b3 stk-block-background\" data-block-id=\"6b0a1b3\"><style>.stk-6b0a1b3 {background-color:var(--theme-palette-color-3, #575756) !important;background-repeat:no-repeat !important;background-size:cover !important;box-shadow:none !important;min-height:50vh !important;padding-top:250px !important;padding-bottom:150px !important;margin-bottom:0px !important;}.stk-6b0a1b3:before{background-color:var(--theme-palette-color-3, #575756) !important;}@media screen and (max-width: 1023px){.stk-6b0a1b3 {padding-top:200px !important;padding-bottom:250px !important;}}@media screen and (max-width: 767px){.stk-6b0a1b3 {padding-top:150px !important;padding-bottom:200px !important;}}<\/style><div class=\"stk-row stk-inner-blocks has-text-align-center stk-block-content stk-content-align stk-6b0a1b3-column\">\n<div class=\"wp-block-stackable-column stk-block-column stk-column stk-block stk-31728eb\" data-v=\"4\" data-block-id=\"31728eb\"><div class=\"stk-column-wrapper stk-block-column__content stk-container stk-31728eb-container stk--no-background stk--no-padding\"><div class=\"stk-block-content stk-inner-blocks stk-31728eb-inner-blocks\">\n<div class=\"wp-block-stackable-heading stk-block-heading stk-block-heading--v2 stk-block stk-0846fda\" id=\"pr\" data-block-id=\"0846fda\"><style>.stk-0846fda {margin-bottom:16px !important;}.stk-0846fda .stk-block-heading__text{font-size:60px !important;color:var(--theme-palette-color-8, #ffffff) !important;line-height:1.25em !important;font-weight:bold !important;font-style:normal !important;font-family:\"ct_font_square_721__cn_b_t__cyrillic\", Sans-serif !important;}@media screen and (max-width: 1023px){.stk-0846fda .stk-block-heading__text{font-size:50px !important;}}<\/style><h2 class=\"stk-block-heading__text has-text-color has-palette-color-8-color\"><strong>POLITICA COOKIES<\/strong><\/h2><\/div>\n\n\n\n<div class=\"wp-block-stackable-text stk-block-text stk-block stk-bd90787\" data-block-id=\"bd90787\"><style>.stk-bd90787 {max-width:1000px !important;min-width:auto !important;margin-right:auto !important;margin-bottom:60px !important;margin-left:auto !important;}.stk-bd90787 .stk-block-text__text{font-size:20px !important;color:var(--theme-palette-color-8, #ffffff) !important;font-weight:normal !important;font-family:\"ct_font_square_721__cn_b_t__cyrillic\", Sans-serif !important;}@media screen and (max-width: 1023px){.stk-bd90787 .stk-block-text__text{font-size:20px !important;}}<\/style><p class=\"stk-block-text__text has-text-color has-palette-color-8-color\">Aici ve\u021bi g\u0103si toate informa\u021biile despre politica noastr\u0103 privind cookie-urile<\/p><\/div>\n<\/div><\/div><\/div>\n<\/div><\/div>\n\n\n\n<div class=\"wp-block-stackable-spacer stk-block-spacer stk--no-padding stk-block stk-211e357\" data-block-id=\"211e357\"><style>.stk-211e357 {height:50px !important;}<\/style><\/div>\n\n\n\n<h2 class=\"wp-block-heading\"><span style=\"color: var(--theme-palette-color-3, #575756);\" class=\"stk-highlight\">Ce este un fursec?<\/span><\/h2>\n\n\n\n<p class=\"has-palette-color-3-color has-text-color has-link-color wp-elements-8092380414a5dcba82e94bddb328a2d7\" style=\"font-size:clamp(14px, 0.875rem + ((1vw - 3.2px) * 0.313), 18px);\"><strong><span style=\"color: var(--theme-palette-color-3, #575756);\" class=\"stk-highlight\">Browser cookie:<\/span><\/strong><br><span style=\"color: var(--theme-palette-color-3, #575756);\" class=\"stk-highlight\">Cookie-urile sunt fragmente de informa\u021bii pe care un site web le pune pe dispozitivul dvs. de navigare atunci c\u00e2nd vizita\u021bi o pagin\u0103. Acestea pot implica transmiterea de informa\u021bii \u00eentre site-ul web \u0219i dispozitivul dvs. \u0219i \u00eentre acesta \u0219i alte site-uri care func\u021bioneaz\u0103 pe cont propriu sau \u00een regim privat, astfel cum se stabile\u0219te \u00een politica de confiden\u021bialitate respectiv\u0103. Putem utiliza module cookie pentru a colecta informa\u021biile pe care le colect\u0103m despre dumneavoastr\u0103. Pute\u021bi alege s\u0103 fi\u021bi notificat ori de c\u00e2te ori este trimis un cookie sau s\u0103 dezactiva\u021bi toate cookie-urile prin modificarea set\u0103rilor browserului dvs. Cu toate acestea, prin dezactivarea modulelor cookie, este posibil ca unele dintre serviciile noastre s\u0103 nu func\u021bioneze corect \u0219i s\u0103 nu pute\u021bi accesa multe caracteristici concepute pentru a v\u0103 optimiza experien\u021ba de navigare pe site. Pentru mai multe informa\u021bii despre gestionarea sau dezactivarea modulelor cookie ale browserului, consulta\u021bi ultima sec\u021biune a prezentei Politici privind modulele cookie.<\/span><\/p>\n\n\n\n<p class=\"has-palette-color-3-color has-text-color has-link-color wp-elements-219b479cffc555c8edc6897d500e42b4\" style=\"font-size:clamp(14px, 0.875rem + ((1vw - 3.2px) * 0.313), 18px);\">Utiliz\u0103m diferite tipuri de module cookie cu diferite func\u021bii pentru site-ul <strong>www.skylotec-oem.com<\/strong> \u0219i toate <strong>subdomeniile:<\/strong><\/p>\n\n\n\n<p style=\"font-size:clamp(14px, 0.875rem + ((1vw - 3.2px) * 0.313), 18px);\"><span style=\"color: var(--theme-palette-color-3, #575756);\" class=\"stk-highlight\"><strong>Cookie tehnic:<\/strong><\/span><br><span style=\"color: var(--theme-palette-color-3, #575756);\" class=\"stk-highlight\">Aceste module cookie sunt esen\u021biale pentru a putea naviga pe web \u0219i a utiliza anumite func\u021bii. F\u0103r\u0103 cookie-uri sunt strict necesare \u00een anumite servicii ale site-ului nostru nu poate func\u021biona. Nu este necesar s\u0103 furniza\u021bi consim\u021b\u0103m\u00e2ntul pentru cookie-urile sunt strict necesare, deoarece acestea sunt esen\u021biale pentru a asigura serviciile necesare.<\/span><\/p>\n\n\n\n<p style=\"font-size:clamp(14px, 0.875rem + ((1vw - 3.2px) * 0.313), 18px);\"><span style=\"color: var(--theme-palette-color-3, #575756);\" class=\"stk-highlight\"><strong>Cookie de performan\u021b\u0103:<\/strong><\/span><br><span style=\"color: var(--theme-palette-color-3, #575756);\" class=\"stk-highlight\">Este posibil ca din partea noastr\u0103 (sau a furnizorilor de servicii care ac\u021bioneaz\u0103 \u00een numele nostru) s\u0103 fie plasate module cookie de performan\u021b\u0103 \u00een dispozitivul dvs. de navigare. Informa\u021biile colectate prin cookie-uri sunt utilizate exclusiv pentru performan\u021b\u0103 de c\u0103tre noi sau \u00een numele nostru. Cookie-urile pentru performan\u021b\u0103 colecteaz\u0103 informa\u021bii anonime despre modul \u00een care utilizatorii utilizeaz\u0103 site-ul web \u0219i diferitele sale caracteristici. De exemplu, cookie-urile noastre pentru a colecta informa\u021bii de performan\u021b\u0103 cu privire la paginile web pe care le vizita\u021bi cel mai des \u0219i publicitatea noastr\u0103 care apar pe alte site-uri web cu care s\u0103 interac\u021bioneze, precum \u0219i verificarea dac\u0103 deschide\u021bi \u0219i citi\u021bi comunic\u0103rile pe care le trimite\u021bi \u0219i primi\u021bi dac\u0103 mesaje de eroare. Informa\u021biile colectate pot fi utilizate pentru a personaliza experien\u021ba dvs. online, afi\u0219\u00e2nd con\u021binuturi specifice. Cookie-urile pentru beneficii servesc, de asemenea, la limitarea num\u0103rului de vizualiz\u0103ri ale aceleia\u0219i reclame. Cookie-urile noastre nu colecteaz\u0103 informa\u021bii pentru performan\u021ba de natur\u0103 personal\u0103. Un link c\u0103tre Politica noastr\u0103 privind cookie-urile este disponibil \u00een partea de jos a fiec\u0103rei pagini a acestui site web. Continu\u00e2nd s\u0103 utiliza\u021bi acest site web \u0219i func\u021bionalitatea sa, ne autoriza\u021bi (\u0219i pe agen\u021bii de publicitate din afara acestui site web) s\u0103 introducem cookie-uri pentru performan\u021b\u0103 \u00een dispozitivul dvs. de navigare. Pentru a \u0219terge sau a gestiona modulele cookie pentru performan\u021b\u0103, consulta\u021bi ultima sec\u021biune a acestei Politici privind modulele cookie.<\/span><\/p>\n\n\n\n<p style=\"font-size:clamp(14px, 0.875rem + ((1vw - 3.2px) * 0.313), 18px);\"><span style=\"color: var(--theme-palette-color-3, #575756);\" class=\"stk-highlight\"><strong>Cookie de func\u021bionalitate:<\/strong><\/span><br><span style=\"color: var(--theme-palette-color-3, #575756);\" class=\"stk-highlight\">Este posibil ca din partea noastr\u0103 (sau a furnizorilor de servicii care ac\u021bioneaz\u0103 \u00een numele nostru) s\u0103 fie introduse module cookie pentru a func\u021biona \u00een dispozitivul dvs. de navigare. Nu \u00eemp\u0103rt\u0103\u0219im informa\u021biile colectate prin intermediul modulelor cookie pentru a func\u021biona cu agen\u021bii no\u0219tri de publicitate sau cu ter\u021be p\u0103r\u021bi. Aceste cookie-uri sunt utilizate pentru a stoca alegerile pe care le face\u021bi (preferin\u021ba lingvistic\u0103, \u021bara sau alte set\u0103ri online) \u0219i pentru a oferi caracteristici personalizate sau optimizate pe care le-a\u021bi selectat. Modulele cookie pentru caracteristici pot fi utilizate pentru a furniza servicii online sau pentru a v\u0103 \u00eempiedica s\u0103 vi se ofere servicii pe care le-a\u021bi refuzat \u00een trecut. \u00cen unele cazuri, putem permite agen\u021bilor de publicitate sau p\u0103r\u021bilor ter\u021be s\u0103 furnizeze con\u021binut \u0219i alte experien\u021be online prin intermediul acestui site web. \u00cen acest caz, partea ter\u021b\u0103 \u00een cauz\u0103 poate plasa propriile module cookie pentru a func\u021biona \u00een dispozitivul dvs. \u0219i le poate utiliza, \u00eentr-un mod similar cu noi, pentru a furniza func\u021bionalit\u0103\u021bi personalizate \u0219i pentru a optimiza experien\u021ba dvs. de utilizator. Selectarea op\u021biunilor \u0219i a set\u0103rilor personalizate sau a func\u021bionalit\u0103\u021bii \u00eembun\u0103t\u0103\u021bite, autorizeaz\u0103 utilizarea de c\u0103tre noi (\u0219i al\u021bii) pentru func\u021bionalitatea cookie necesar\u0103 pentru a oferi aceste experien\u021be. \u0218tergerea Cookie-urilor pentru func\u021bionalitate, preferin\u021be sau set\u0103ri nu vor fi stocate pentru vizitele viitoare.<\/span><\/p>\n\n\n\n<p style=\"font-size:clamp(14px, 0.875rem + ((1vw - 3.2px) * 0.313), 18px);\"><span style=\"color: var(--theme-palette-color-3, #575756);\" class=\"stk-highlight\"><strong>Cookie promo\u021bional sau de targetare<\/strong><\/span><\/p>\n\n\n\n<h2 class=\"wp-block-heading\"><span style=\"color: var(--theme-palette-color-3, #575756);\" class=\"stk-highlight\">Publicitate direc\u021bionat\u0103 gestionat\u0103 de ter\u021be p\u0103r\u021bi<\/span><\/h2>\n\n\n\n<p class=\"has-palette-color-3-color has-text-color has-link-color wp-elements-18bd5160cfea55c609627f94c0a7ecf1\" style=\"font-size:clamp(14px, 0.875rem + ((1vw - 3.2px) * 0.313), 18px);\">Modulele cookie pentru publicitatea direc\u021bionat\u0103 gestionate de ter\u021bi pot fi stocate pe dispozitivul utilizatorului c\u0103tre ter\u021bi agen\u021bi de publicitate, re\u021bele de publicitate, servicii de schimb de date \u0219i analiz\u0103 de marketing \u0219i al\u021bi furnizori de servicii. Cookie-urile pentru publicitate direc\u021bionat\u0103 gestionate de ter\u021bi colecteaz\u0103 informa\u021bii despre navigarea utilizatorului pe diverse site-uri web \u0219i servicii online pentru a afi\u0219a anun\u021buri relevante pe site-urile web \u0219i serviciile online \u0219i ter\u021bul nostru. Re\u021belele publicitare pot partaja aceste informa\u021bii cu agen\u021bii de publicitate care utilizeaz\u0103 re\u021beaua lor. Informa\u021biile colectate cu ajutorul acestor module cookie pentru publicitate direc\u021bionat\u0103 gestionate de ter\u021be p\u0103r\u021bi nu identific\u0103 personal utilizatorul.<\/p>\n\n\n\n<p class=\"has-palette-color-3-color has-text-color has-link-color wp-elements-6c589c75ea2f0649e52fbbbf2f2f3b83\" style=\"font-size:clamp(14px, 0.875rem + ((1vw - 3.2px) * 0.313), 18px);\">Pentru a v\u0103 modifica set\u0103rile \u00een leg\u0103tur\u0103 cu anun\u021burile Google, v\u0103 recomand\u0103m s\u0103 accesa\u021bi urm\u0103toarea pagin\u0103:\u00a0<a href=\"https:\/\/www.google.com\/settings\/u\/0\/ads\" target=\"_blank\" rel=\"noreferrer noopener\">Configurarea anun\u021burilor Google<\/a>.<\/p>\n\n\n\n<p class=\"has-palette-color-3-color has-text-color has-link-color wp-elements-04baa9e57c1f66a363cd71dfb10e14de\" style=\"font-size:clamp(14px, 0.875rem + ((1vw - 3.2px) * 0.313), 18px);\"><strong>Pentru mai multe informa\u021bii \u0219i posibilitatea de renun\u021bare, vizita\u021bi\u00a0<a href=\"http:\/\/www.youronlinechoices.eu\/\" target=\"_blank\" rel=\"noreferrer noopener\">www.youronlinechoices.eu<\/a><\/strong><\/p>\n\n\n\n<p class=\"has-palette-color-3-color has-text-color has-link-color wp-elements-7a390b5b0dcefc442ece5aa4a6d6b262\" style=\"font-size:clamp(14px, 0.875rem + ((1vw - 3.2px) * 0.313), 18px);\">V\u0103 oferim mai jos o list\u0103 (nu exhaustiv\u0103) a unora dintre companiile partenere care pot utiliza module cookie \u00een timpul navig\u0103rii pe site-ul climbingtechnology.com \u0219i subdomeniile aferente:<\/p>\n\n\n\n<ul class=\"wp-block-list\">\n<li style=\"font-size:clamp(14px, 0.875rem + ((1vw - 3.2px) * 0.313), 18px);\"><span style=\"color: var(--theme-palette-color-3, #575756);\" class=\"stk-highlight\">Google Analytics:<\/span><a href=\"https:\/\/www.google.com\/analytics\/learn\/privacy.html?hl=en\" target=\"_blank\" rel=\"noreferrer noopener\"> detalii aici<\/a><\/li>\n\n\n\n<li style=\"font-size:clamp(14px, 0.875rem + ((1vw - 3.2px) * 0.313), 18px);\"><span style=\"color: var(--theme-palette-color-3, #575756);\" class=\"stk-highlight\">Google+:<\/span>\u00a0<a href=\"http:\/\/www.google.com\/intl\/en\/policies\/technologies\/types\/\" target=\"_blank\" rel=\"noreferrer noopener\">detalii aici<\/a><\/li>\n\n\n\n<li style=\"font-size:clamp(14px, 0.875rem + ((1vw - 3.2px) * 0.313), 18px);\"><span style=\"color: var(--theme-palette-color-3, #575756);\" class=\"stk-highlight\">Facebook:<\/span>\u00a0<a href=\"https:\/\/www.facebook.com\/help\/cookies\/\" target=\"_blank\" rel=\"noreferrer noopener\">detalii aici<\/a><\/li>\n\n\n\n<li style=\"font-size:clamp(14px, 0.875rem + ((1vw - 3.2px) * 0.313), 18px);\"><span style=\"color: var(--theme-palette-color-3, #575756);\" class=\"stk-highlight\">Twitter:<\/span>\u00a0<a href=\"https:\/\/support.twitter.com\/articles\/20170519-uso-dei-cookie-e-di-altre-tecnologie-simili-da-parte-di-twitter\" target=\"_blank\" rel=\"noreferrer noopener\">detalii aici<\/a><\/li>\n\n\n\n<li style=\"font-size:clamp(14px, 0.875rem + ((1vw - 3.2px) * 0.313), 18px);\"><span style=\"color: var(--theme-palette-color-3, #575756);\" class=\"stk-highlight\">Linkedin:<\/span>\u00a0<a href=\"http:\/\/it.linkedin.com\/legal\/cookie-policy\" target=\"_blank\" rel=\"noreferrer noopener\">detalii aici<\/a><\/li>\n\n\n\n<li style=\"font-size:clamp(14px, 0.875rem + ((1vw - 3.2px) * 0.313), 18px);\"><span style=\"color: var(--theme-palette-color-3, #575756);\" class=\"stk-highlight\">YouTube:<\/span>\u00a0<a href=\"https:\/\/www.youtube.com\/static?template=privacy_guidelines&amp;gl=IT\" target=\"_blank\" rel=\"noreferrer noopener\">detalii aici<\/a><\/li>\n\n\n\n<li style=\"font-size:clamp(14px, 0.875rem + ((1vw - 3.2px) * 0.313), 18px);\"><span style=\"color: var(--theme-palette-color-3, #575756);\" class=\"stk-highlight\">AddThis:<\/span>\u00a0<a href=\"http:\/\/www.addthis.com\/privacy\/privacy-policy#publisher-visitors\" target=\"_blank\" rel=\"noreferrer noopener\">detalii aici<\/a><\/li>\n\n\n\n<li style=\"font-size:clamp(14px, 0.875rem + ((1vw - 3.2px) * 0.313), 18px);\"><span style=\"color: var(--theme-palette-color-3, #575756);\" class=\"stk-highlight\">Remarketing Google AdWords :<\/span>\u00a0<a href=\"https:\/\/support.google.com\/adwords\/answer\/2549063?hl=it\" target=\"_blank\" rel=\"noreferrer noopener\">detalii aici<\/a><\/li>\n<\/ul>\n\n\n\n<h2 class=\"wp-block-heading\"><span style=\"color: var(--theme-palette-color-3, #575756);\" class=\"stk-highlight\">Activarea \/ dezactivarea cookie-urilor din browser<\/span><\/h2>\n\n\n\n<p class=\"has-palette-color-3-color has-text-color has-link-color wp-elements-4c421cb2934cd7adab1309c2d50b3b5e\" style=\"font-size:clamp(14px, 0.875rem + ((1vw - 3.2px) * 0.313), 18px);\">Exist\u0103 mai multe modalit\u0103\u021bi de gestionare a modulelor cookie \u0219i a altor tehnologii de urm\u0103rire. Prin modificarea set\u0103rilor browserului, pute\u021bi accepta sau respinge modulele cookie sau pute\u021bi alege s\u0103 primi\u021bi un avertisment \u00eenainte de a accepta un modul cookie de la site-urile pe care le vizita\u021bi. V\u0103 rug\u0103m s\u0103 re\u021bine\u021bi c\u0103 dezactivarea complet\u0103 a cookie-urilor \u00een browser poate s\u0103 nu v\u0103 permit\u0103 s\u0103 utiliza\u021bi toate func\u021biile noastre interactive.<\/p>\n\n\n\n<p class=\"has-palette-color-3-color has-text-color has-link-color wp-elements-6ff4dc9fe4bb5ffd62ce863e7705a4b9\" style=\"font-size:clamp(14px, 0.875rem + ((1vw - 3.2px) * 0.313), 18px);\">Dac\u0103 utiliza\u021bi mai multe computere \u00een loca\u021bii diferite, asigura\u021bi-v\u0103 c\u0103 fiecare browser este setat \u00een func\u021bie de preferin\u021bele dvs.<\/p>\n\n\n\n<p class=\"has-palette-color-3-color has-text-color has-link-color wp-elements-22602f83b725129b8f2fafe07dc21c6d\" style=\"font-size:clamp(14px, 0.875rem + ((1vw - 3.2px) * 0.313), 18px);\">Pute\u021bi \u0219terge toate modulele cookie instalate \u00een folderul de module cookie al browserului dvs. Fiecare browser are proceduri diferite pentru gestionarea set\u0103rilor. Face\u021bi clic pe unul dintre linkurile de mai jos pentru instruc\u021biuni specifice.<\/p>\n\n\n\n<p><a href=\"http:\/\/windows.microsoft.com\/it-it\/windows7\/block-enable-or-allow-cookies\" target=\"_blank\" rel=\"noreferrer noopener\"><strong>Microsoft Windows Explorer<\/strong><\/a><\/p>\n\n\n\n<p><a href=\"https:\/\/support.google.com\/chrome\/bin\/answer.py?hl=it&amp;answer=95647&amp;p=cpn_cookies\" target=\"_blank\" rel=\"noreferrer noopener\"><strong>Google Chrome&nbsp;<\/strong><\/a><\/p>\n\n\n\n<p><a href=\"https:\/\/support.mozilla.org\/en-US\/kb\/enable-and-disable-cookies-website-preferences\" target=\"_blank\" rel=\"noreferrer noopener\"><strong>Mozilla Firefox&nbsp;<\/strong><\/a><\/p>\n\n\n\n<p><a href=\"http:\/\/support.apple.com\/kb\/PH17191?viewlocale=it_IT&amp;locale=it_IT\" target=\"_blank\" rel=\"noreferrer noopener\"><strong>Apple Safari&nbsp;<\/strong><\/a><\/p>\n\n\n\n<p class=\"has-palette-color-3-color has-text-color has-link-color wp-elements-23487cc85733e4f2b342d4f749bb81a5\" style=\"font-size:clamp(14px, 0.875rem + ((1vw - 3.2px) * 0.313), 18px);\">Dac\u0103 nu utiliza\u021bi niciunul dintre browserele enumerate mai sus, selecta\u021bi \u201ecookie-uri\u201d \u00een sec\u021biunea relevant\u0103 a ghidului pentru a afla unde se afl\u0103 dosarul dvs. cookie.<\/p>\n\n\n\n<p><\/p>\n","protected":false},"excerpt":{"rendered":"<p>POLITICA COOKIES Aici ve\u021bi g\u0103si toate informa\u021biile despre politica noastr\u0103 privind cookie-urile Ce este un fursec? Browser cookie:Cookie-urile sunt fragmente de informa\u021bii pe care un site web le pune pe dispozitivul dvs. de navigare atunci c\u00e2nd vizita\u021bi o pagin\u0103. Acestea pot implica transmiterea de informa\u021bii \u00eentre site-ul web \u0219i dispozitivul dvs. \u0219i \u00eentre acesta \u0219i [&hellip;]<\/p>\n","protected":false},"author":4,"featured_media":0,"parent":0,"menu_order":0,"comment_status":"closed","ping_status":"closed","template":"","meta":{"footnotes":""},"class_list":["post-1980","page","type-page","status-publish","hentry"],"blocksy_meta":[],"aioseo_notices":[],"_links":{"self":[{"href":"https:\/\/www.skylotec-oem.com\/ro\/wp-json\/wp\/v2\/pages\/1980"}],"collection":[{"href":"https:\/\/www.skylotec-oem.com\/ro\/wp-json\/wp\/v2\/pages"}],"about":[{"href":"https:\/\/www.skylotec-oem.com\/ro\/wp-json\/wp\/v2\/types\/page"}],"author":[{"embeddable":true,"href":"https:\/\/www.skylotec-oem.com\/ro\/wp-json\/wp\/v2\/users\/4"}],"replies":[{"embeddable":true,"href":"https:\/\/www.skylotec-oem.com\/ro\/wp-json\/wp\/v2\/comments?post=1980"}],"version-history":[{"count":0,"href":"https:\/\/www.skylotec-oem.com\/ro\/wp-json\/wp\/v2\/pages\/1980\/revisions"}],"wp:attachment":[{"href":"https:\/\/www.skylotec-oem.com\/ro\/wp-json\/wp\/v2\/media?parent=1980"}],"curies":[{"name":"wp","href":"https:\/\/api.w.org\/{rel}","templated":true}]}}